{"id":2521,"date":"2024-11-24T18:51:40","date_gmt":"2024-11-24T17:51:40","guid":{"rendered":"https:\/\/dw-tech.eu\/cenova-nabidka\/"},"modified":"2025-08-16T12:57:31","modified_gmt":"2025-08-16T10:57:31","slug":"cenova-nabidka","status":"publish","type":"page","link":"https:\/\/dw-tech.eu\/cs\/cenova-nabidka\/","title":{"rendered":"CENOV\u00c1 NAB\u00cdDKA"},"content":{"rendered":"<div class=\"wpb-content-wrapper\"><p>[vc_row][vc_column][vc_column_text css=&#8220;&#8220;]<\/p>\n<p style=\"text-align: left;\">\n<div class=\"wpcf7 no-js\" id=\"wpcf7-f2528-o1\" lang=\"cs-CZ\" dir=\"ltr\" data-wpcf7-id=\"2528\">\n<div class=\"screen-reader-response\"><p role=\"status\" aria-live=\"polite\" aria-atomic=\"true\"><\/p> <ul><\/ul><\/div>\n<form action=\"\/cs\/wp-json\/wp\/v2\/pages\/2521#wpcf7-f2528-o1\" method=\"post\" class=\"wpcf7-form init\" aria-label=\"Kontaktn\u00ed formul\u00e1\u0159\" novalidate=\"novalidate\" data-status=\"init\">\n<fieldset class=\"hidden-fields-container\"><input type=\"hidden\" name=\"_wpcf7\" value=\"2528\" \/><input type=\"hidden\" name=\"_wpcf7_version\" value=\"6.1.5\" \/><input type=\"hidden\" name=\"_wpcf7_locale\" value=\"cs_CZ\" \/><input type=\"hidden\" name=\"_wpcf7_unit_tag\" value=\"wpcf7-f2528-o1\" \/><input type=\"hidden\" name=\"_wpcf7_container_post\" value=\"0\" \/><input type=\"hidden\" name=\"_wpcf7_posted_data_hash\" value=\"\" \/>\n<\/fieldset>\n<p><label> Produkt<br \/>\n<span class=\"wpcf7-form-control-wrap\" data-name=\"select-165\"><select class=\"wpcf7-form-control wpcf7-select wpcf7-validates-as-required\" aria-required=\"true\" aria-invalid=\"false\" name=\"select-165\"><option value=\"\">Vybrat<\/option><option value=\"P\u0159\u00edv\u011bsn\u00fd Voz\u00edk\">P\u0159\u00edv\u011bsn\u00fd Voz\u00edk<\/option><option value=\"P\u0159epravn\u00ed Kole\u010dko\">P\u0159epravn\u00ed Kole\u010dko<\/option><option value=\"P\u0159epravn\u00edk CC Voz\u00edk\u016f\">P\u0159epravn\u00edk CC Voz\u00edk\u016f<\/option><option value=\"Voz\u00edk na P\u0159epravu Stromk\u016f\">Voz\u00edk na P\u0159epravu Stromk\u016f<\/option><option value=\"N\u00e1kupn\u00ed a p\u0159epravn\u00ed voz\u00edk\">N\u00e1kupn\u00ed a p\u0159epravn\u00ed voz\u00edk<\/option><option value=\"P\u0159epravn\u00edk CC Voz\u00edk\u016f jeden kus\">P\u0159epravn\u00edk CC Voz\u00edk\u016f jeden kus<\/option><\/select><\/span><\/label>\n<\/p>\n<p><label> Po\u010det<br \/>\n<span class=\"wpcf7-form-control-wrap\" data-name=\"number-228\"><input class=\"wpcf7-form-control wpcf7-number wpcf7-validates-as-required wpcf7-validates-as-number\" min=\"1\" max=\"10\" aria-required=\"true\" aria-invalid=\"false\" value=\"1\" type=\"number\" name=\"number-228\" \/><\/span> <\/label>\n<\/p>\n<p><label> Dopl\u0148kov\u00e9 vybaven\u00ed (pro p\u0159\u00edv\u011bsn\u00fd voz\u00edk)<br \/>\n<span class=\"wpcf7-form-control-wrap\" data-name=\"checkbox-221\"><span class=\"wpcf7-form-control wpcf7-checkbox\"><span class=\"wpcf7-list-item first\"><label><input type=\"checkbox\" name=\"checkbox-221[]\" value=\"Dodate\u010dn\u00e1 police\" \/><span class=\"wpcf7-list-item-label\">Dodate\u010dn\u00e1 police<\/span><\/label><\/span><span class=\"wpcf7-list-item\"><label><input type=\"checkbox\" name=\"checkbox-221[]\" value=\"Sloupky s p\u0159\u00ed\u010dkami na p\u0159epravu vysok\u00fdch rostlin\" \/><span class=\"wpcf7-list-item-label\">Sloupky s p\u0159\u00ed\u010dkami na p\u0159epravu vysok\u00fdch rostlin<\/span><\/label><\/span><span class=\"wpcf7-list-item last\"><label><input type=\"checkbox\" name=\"checkbox-221[]\" value=\"Vysok\u00e9 bo\u010dnice\" \/><span class=\"wpcf7-list-item-label\">Vysok\u00e9 bo\u010dnice<\/span><\/label><\/span><\/span><\/span><br \/>\n<\/label>\n<\/p>\n<p><label> Dal\u0161\u00ed produkty<br \/>\n<span class=\"wpcf7-form-control-wrap\" data-name=\"checkbox-222\"><span class=\"wpcf7-form-control wpcf7-checkbox\"><span class=\"wpcf7-list-item first\"><label><input type=\"checkbox\" name=\"checkbox-222[]\" value=\"P\u0159\u00edv\u011bsn\u00fd Voz\u00edk\" \/><span class=\"wpcf7-list-item-label\">P\u0159\u00edv\u011bsn\u00fd Voz\u00edk<\/span><\/label><\/span><span class=\"wpcf7-list-item\"><label><input type=\"checkbox\" name=\"checkbox-222[]\" value=\"P\u0159epravn\u00ed Kole\u010dko\" \/><span class=\"wpcf7-list-item-label\">P\u0159epravn\u00ed Kole\u010dko<\/span><\/label><\/span><span class=\"wpcf7-list-item\"><label><input type=\"checkbox\" name=\"checkbox-222[]\" value=\"P\u0159epravn\u00edk CC Voz\u00edk\u016f\" \/><span class=\"wpcf7-list-item-label\">P\u0159epravn\u00edk CC Voz\u00edk\u016f<\/span><\/label><\/span><span class=\"wpcf7-list-item\"><label><input type=\"checkbox\" name=\"checkbox-222[]\" value=\"Voz\u00edk na P\u0159epravu Stromk\u016f\" \/><span class=\"wpcf7-list-item-label\">Voz\u00edk na P\u0159epravu Stromk\u016f<\/span><\/label><\/span><span class=\"wpcf7-list-item\"><label><input type=\"checkbox\" name=\"checkbox-222[]\" value=\"N\u00e1kupn\u00ed a p\u0159epravn\u00ed voz\u00edk\" \/><span class=\"wpcf7-list-item-label\">N\u00e1kupn\u00ed a p\u0159epravn\u00ed voz\u00edk<\/span><\/label><\/span><span class=\"wpcf7-list-item last\"><label><input type=\"checkbox\" name=\"checkbox-222[]\" value=\"P\u0159epravn\u00edk CC Voz\u00edk\u016f jeden kus\" \/><span class=\"wpcf7-list-item-label\">P\u0159epravn\u00edk CC Voz\u00edk\u016f jeden kus<\/span><\/label><\/span><\/span><\/span><br \/>\n<\/label>\n<\/p>\n<p><label>Term\u00edn realizace<br \/>\n<span class=\"wpcf7-form-control-wrap\" data-name=\"date-135\"><input class=\"wpcf7-form-control wpcf7-date wpcf7-validates-as-date\" aria-invalid=\"false\" value=\"\" type=\"date\" name=\"date-135\" \/><\/span><\/label>\n<\/p>\n<p><label>Doru\u010den\u00ed<br \/>\n<span class=\"wpcf7-form-control-wrap\" data-name=\"radio-554\"><span class=\"wpcf7-form-control wpcf7-radio\"><span class=\"wpcf7-list-item first\"><label><input type=\"radio\" name=\"radio-554\" value=\"Ano\" checked=\"checked\" \/><span class=\"wpcf7-list-item-label\">Ano<\/span><\/label><\/span><span class=\"wpcf7-list-item last\"><label><input type=\"radio\" name=\"radio-554\" value=\"Ne\" \/><span class=\"wpcf7-list-item-label\">Ne<\/span><\/label><\/span><\/span><\/span> <\/label>\n<\/p>\n<p><label> Jm\u00e9no nebo n\u00e1zev spole\u010dnosti<br \/>\n<span class=\"wpcf7-form-control-wrap\" data-name=\"your-name\"><input size=\"40\" maxlength=\"400\" class=\"wpcf7-form-control wpcf7-text wpcf7-validates-as-required\" aria-required=\"true\" aria-invalid=\"false\" value=\"\" type=\"text\" name=\"your-name\" \/><\/span> <\/label>\n<\/p>\n<p><label> E-mailov\u00e1 adresa<br \/>\n<span class=\"wpcf7-form-control-wrap\" data-name=\"your-email\"><input size=\"40\" maxlength=\"400\" class=\"wpcf7-form-control wpcf7-email wpcf7-validates-as-required wpcf7-text wpcf7-validates-as-email\" autocomplete=\"email\" aria-required=\"true\" aria-invalid=\"false\" value=\"\" type=\"email\" name=\"your-email\" \/><\/span> <\/label>\n<\/p>\n<p><label> Telefon<br \/>\n<span class=\"wpcf7-form-control-wrap\" data-name=\"tel-838\"><input size=\"40\" maxlength=\"400\" class=\"wpcf7-form-control wpcf7-tel wpcf7-text wpcf7-validates-as-tel\" aria-invalid=\"false\" value=\"\" type=\"tel\" name=\"tel-838\" \/><\/span><\/label>\n<\/p>\n<p><label> Va\u0161e zpr\u00e1va<br \/>\n<span class=\"wpcf7-form-control-wrap\" data-name=\"your-message\"><textarea cols=\"40\" rows=\"10\" maxlength=\"2000\" class=\"wpcf7-form-control wpcf7-textarea wpcf7-validates-as-required\" aria-required=\"true\" aria-invalid=\"false\" name=\"your-message\"><\/textarea><\/span> <\/label>\n<\/p>\n<p><span class=\"wpcf7-form-control-wrap\" data-name=\"text-392\"><input size=\"40\" maxlength=\"400\" class=\"wpcf7-form-control wpcf7-text\" aria-invalid=\"false\" value=\"Vystavujeme faktury s DPH.\" type=\"text\" name=\"text-392\" \/><\/span>\n<\/p>\n<p><label> <span class=\"wpcf7-form-control-wrap\" data-name=\"text-757\"><input size=\"40\" maxlength=\"400\" class=\"wpcf7-form-control wpcf7-text\" aria-invalid=\"false\" value=\"Odpov\u011b\u010f obdr\u017e\u00edte do 2 pracovn\u00edch dn\u016f.\" type=\"text\" name=\"text-757\" \/><\/span> <\/label>\n<\/p>\n<p><span class=\"wpcf7-form-control-wrap\" data-name=\"gdpr\"><span class=\"wpcf7-form-control wpcf7-acceptance\"><span class=\"wpcf7-list-item\"><label><input type=\"checkbox\" name=\"gdpr\" value=\"1\" aria-invalid=\"false\" \/><span class=\"wpcf7-list-item-label\">P\u0159e\u010detl\/a jsem a akceptuji <a href=\"https:\/\/dw-tech.eu\/regulamin-serwisu\/\">Obchodn\u00ed podm\u00ednky <\/a> a <a href=\"https:\/\/dw-tech.eu\/polityka-prywatnosci\/\">Z\u00e1sady ochrany osobn\u00edch \u00fadaj\u016f<\/a>.<\/span><\/label><\/span><\/span><\/span>\n<\/p>\n<p><input class=\"wpcf7-form-control wpcf7-submit has-spinner\" type=\"submit\" value=\"Odeslat\" \/>\n<\/p><div class=\"wpcf7-response-output\" aria-hidden=\"true\"><\/div>\n<\/form>\n<\/div>\n<p>[\/vc_column_text][\/vc_column][\/vc_row]<\/p>\n<\/div>","protected":false},"excerpt":{"rendered":"<p>[vc_row][vc_column][vc_column_text css=&#8220;&#8220;] [\/vc_column_text][\/vc_column][\/vc_row]<\/p>\n","protected":false},"author":2,"featured_media":0,"parent":0,"menu_order":0,"comment_status":"closed","ping_status":"closed","template":"","meta":{"footnotes":""},"class_list":["post-2521","page","type-page","status-publish","hentry"],"yoast_head":"<!-- This site is optimized with the Yoast SEO plugin v27.0 - https:\/\/yoast.com\/product\/yoast-seo-wordpress\/ -->\n<title>CENOV\u00c1 NAB\u00cdDKA - DW-Tech<\/title>\n<meta name=\"robots\" content=\"index, follow, max-snippet:-1, max-image-preview:large, max-video-preview:-1\" \/>\n<link rel=\"canonical\" href=\"https:\/\/dw-tech.eu\/cs\/cenova-nabidka\/\" \/>\n<meta property=\"og:locale\" content=\"cs_CZ\" \/>\n<meta property=\"og:type\" content=\"article\" \/>\n<meta property=\"og:title\" content=\"CENOV\u00c1 NAB\u00cdDKA - DW-Tech\" \/>\n<meta property=\"og:description\" content=\"[vc_row][vc_column][vc_column_text css=&#8220;&#8220;] [\/vc_column_text][\/vc_column][\/vc_row]\" \/>\n<meta property=\"og:url\" content=\"https:\/\/dw-tech.eu\/cs\/cenova-nabidka\/\" \/>\n<meta property=\"og:site_name\" content=\"DW-Tech\" \/>\n<meta property=\"article:publisher\" content=\"https:\/\/www.facebook.com\/dwtech.logistics.solutions\" \/>\n<meta property=\"article:modified_time\" content=\"2025-08-16T10:57:31+00:00\" \/>\n<meta name=\"twitter:card\" content=\"summary_large_image\" \/>\n<script type=\"application\/ld+json\" class=\"yoast-schema-graph\">{\"@context\":\"https:\/\/schema.org\",\"@graph\":[{\"@type\":\"WebPage\",\"@id\":\"https:\/\/dw-tech.eu\/cs\/cenova-nabidka\/\",\"url\":\"https:\/\/dw-tech.eu\/cs\/cenova-nabidka\/\",\"name\":\"CENOV\u00c1 NAB\u00cdDKA - DW-Tech\",\"isPartOf\":{\"@id\":\"https:\/\/dw-tech.eu\/cs\/#website\"},\"datePublished\":\"2024-11-24T17:51:40+00:00\",\"dateModified\":\"2025-08-16T10:57:31+00:00\",\"breadcrumb\":{\"@id\":\"https:\/\/dw-tech.eu\/cs\/cenova-nabidka\/#breadcrumb\"},\"inLanguage\":\"cs\",\"potentialAction\":[{\"@type\":\"ReadAction\",\"target\":[\"https:\/\/dw-tech.eu\/cs\/cenova-nabidka\/\"]}]},{\"@type\":\"BreadcrumbList\",\"@id\":\"https:\/\/dw-tech.eu\/cs\/cenova-nabidka\/#breadcrumb\",\"itemListElement\":[{\"@type\":\"ListItem\",\"position\":1,\"name\":\"Strona g\u0142\u00f3wna\",\"item\":\"https:\/\/dw-tech.eu\/cs\/\"},{\"@type\":\"ListItem\",\"position\":2,\"name\":\"CENOV\u00c1 NAB\u00cdDKA\"}]},{\"@type\":\"WebSite\",\"@id\":\"https:\/\/dw-tech.eu\/cs\/#website\",\"url\":\"https:\/\/dw-tech.eu\/cs\/\",\"name\":\"DW-Tech\",\"description\":\"V\u00fdrobce za\u0159\u00edzen\u00ed pro okrasn\u00e9 \u0161kolky\",\"publisher\":{\"@id\":\"https:\/\/dw-tech.eu\/cs\/#organization\"},\"potentialAction\":[{\"@type\":\"SearchAction\",\"target\":{\"@type\":\"EntryPoint\",\"urlTemplate\":\"https:\/\/dw-tech.eu\/cs\/?s={search_term_string}\"},\"query-input\":{\"@type\":\"PropertyValueSpecification\",\"valueRequired\":true,\"valueName\":\"search_term_string\"}}],\"inLanguage\":\"cs\"},{\"@type\":\"Organization\",\"@id\":\"https:\/\/dw-tech.eu\/cs\/#organization\",\"name\":\"DW-Tech\",\"url\":\"https:\/\/dw-tech.eu\/cs\/\",\"logo\":{\"@type\":\"ImageObject\",\"inLanguage\":\"cs\",\"@id\":\"https:\/\/dw-tech.eu\/cs\/#\/schema\/logo\/image\/\",\"url\":\"https:\/\/dw-tech.eu\/wp-content\/uploads\/2024\/11\/dw_tech_logo_512px.png\",\"contentUrl\":\"https:\/\/dw-tech.eu\/wp-content\/uploads\/2024\/11\/dw_tech_logo_512px.png\",\"width\":2134,\"height\":2134,\"caption\":\"DW-Tech\"},\"image\":{\"@id\":\"https:\/\/dw-tech.eu\/cs\/#\/schema\/logo\/image\/\"},\"sameAs\":[\"https:\/\/www.facebook.com\/dwtech.logistics.solutions\",\"https:\/\/www.linkedin.com\/company\/dw-tech-logistics-solutions\",\"https:\/\/www.instagram.com\/dwtech_logistics_solutions\"]}]}<\/script>\n<!-- \/ Yoast SEO plugin. -->","yoast_head_json":{"title":"CENOV\u00c1 NAB\u00cdDKA - DW-Tech","robots":{"index":"index","follow":"follow","max-snippet":"max-snippet:-1","max-image-preview":"max-image-preview:large","max-video-preview":"max-video-preview:-1"},"canonical":"https:\/\/dw-tech.eu\/cs\/cenova-nabidka\/","og_locale":"cs_CZ","og_type":"article","og_title":"CENOV\u00c1 NAB\u00cdDKA - DW-Tech","og_description":"[vc_row][vc_column][vc_column_text css=&#8220;&#8220;] [\/vc_column_text][\/vc_column][\/vc_row]","og_url":"https:\/\/dw-tech.eu\/cs\/cenova-nabidka\/","og_site_name":"DW-Tech","article_publisher":"https:\/\/www.facebook.com\/dwtech.logistics.solutions","article_modified_time":"2025-08-16T10:57:31+00:00","twitter_card":"summary_large_image","schema":{"@context":"https:\/\/schema.org","@graph":[{"@type":"WebPage","@id":"https:\/\/dw-tech.eu\/cs\/cenova-nabidka\/","url":"https:\/\/dw-tech.eu\/cs\/cenova-nabidka\/","name":"CENOV\u00c1 NAB\u00cdDKA - DW-Tech","isPartOf":{"@id":"https:\/\/dw-tech.eu\/cs\/#website"},"datePublished":"2024-11-24T17:51:40+00:00","dateModified":"2025-08-16T10:57:31+00:00","breadcrumb":{"@id":"https:\/\/dw-tech.eu\/cs\/cenova-nabidka\/#breadcrumb"},"inLanguage":"cs","potentialAction":[{"@type":"ReadAction","target":["https:\/\/dw-tech.eu\/cs\/cenova-nabidka\/"]}]},{"@type":"BreadcrumbList","@id":"https:\/\/dw-tech.eu\/cs\/cenova-nabidka\/#breadcrumb","itemListElement":[{"@type":"ListItem","position":1,"name":"Strona g\u0142\u00f3wna","item":"https:\/\/dw-tech.eu\/cs\/"},{"@type":"ListItem","position":2,"name":"CENOV\u00c1 NAB\u00cdDKA"}]},{"@type":"WebSite","@id":"https:\/\/dw-tech.eu\/cs\/#website","url":"https:\/\/dw-tech.eu\/cs\/","name":"DW-Tech","description":"V\u00fdrobce za\u0159\u00edzen\u00ed pro okrasn\u00e9 \u0161kolky","publisher":{"@id":"https:\/\/dw-tech.eu\/cs\/#organization"},"potentialAction":[{"@type":"SearchAction","target":{"@type":"EntryPoint","urlTemplate":"https:\/\/dw-tech.eu\/cs\/?s={search_term_string}"},"query-input":{"@type":"PropertyValueSpecification","valueRequired":true,"valueName":"search_term_string"}}],"inLanguage":"cs"},{"@type":"Organization","@id":"https:\/\/dw-tech.eu\/cs\/#organization","name":"DW-Tech","url":"https:\/\/dw-tech.eu\/cs\/","logo":{"@type":"ImageObject","inLanguage":"cs","@id":"https:\/\/dw-tech.eu\/cs\/#\/schema\/logo\/image\/","url":"https:\/\/dw-tech.eu\/wp-content\/uploads\/2024\/11\/dw_tech_logo_512px.png","contentUrl":"https:\/\/dw-tech.eu\/wp-content\/uploads\/2024\/11\/dw_tech_logo_512px.png","width":2134,"height":2134,"caption":"DW-Tech"},"image":{"@id":"https:\/\/dw-tech.eu\/cs\/#\/schema\/logo\/image\/"},"sameAs":["https:\/\/www.facebook.com\/dwtech.logistics.solutions","https:\/\/www.linkedin.com\/company\/dw-tech-logistics-solutions","https:\/\/www.instagram.com\/dwtech_logistics_solutions"]}]}},"_links":{"self":[{"href":"https:\/\/dw-tech.eu\/cs\/wp-json\/wp\/v2\/pages\/2521","targetHints":{"allow":["GET"]}}],"collection":[{"href":"https:\/\/dw-tech.eu\/cs\/wp-json\/wp\/v2\/pages"}],"about":[{"href":"https:\/\/dw-tech.eu\/cs\/wp-json\/wp\/v2\/types\/page"}],"author":[{"embeddable":true,"href":"https:\/\/dw-tech.eu\/cs\/wp-json\/wp\/v2\/users\/2"}],"replies":[{"embeddable":true,"href":"https:\/\/dw-tech.eu\/cs\/wp-json\/wp\/v2\/comments?post=2521"}],"version-history":[{"count":3,"href":"https:\/\/dw-tech.eu\/cs\/wp-json\/wp\/v2\/pages\/2521\/revisions"}],"predecessor-version":[{"id":2628,"href":"https:\/\/dw-tech.eu\/cs\/wp-json\/wp\/v2\/pages\/2521\/revisions\/2628"}],"wp:attachment":[{"href":"https:\/\/dw-tech.eu\/cs\/wp-json\/wp\/v2\/media?parent=2521"}],"curies":[{"name":"wp","href":"https:\/\/api.w.org\/{rel}","templated":true}]}}