{"id":2523,"date":"2017-10-18T10:17:38","date_gmt":"2017-10-18T08:17:38","guid":{"rendered":"https:\/\/dw-tech.eu\/kontakt\/"},"modified":"2025-03-16T21:41:26","modified_gmt":"2025-03-16T20:41:26","slug":"kontakt","status":"publish","type":"page","link":"https:\/\/dw-tech.eu\/cs\/kontakt\/","title":{"rendered":"Kontakt"},"content":{"rendered":"<div class=\"wpb-content-wrapper\"><p>[vc_row type=&#8220;full-width&#8220;][vc_column][vc_row_inner][vc_column_inner]<div class=\"contact-map-details\"><h4>DW-TECH DENIS WOCKA<\/h4><p class=\"description\">Opolska ulice 54, Z\u0142otniki<br \/>\n46-060 Z\u0142otniki, Polsko<\/p>\n<p>DI\u010c: PL9910524271<\/p><ul class=\"social-icons gray margin-top-42 clearfix\"><li><a class=\"social-facebook\" href=\"https:\/\/www.facebook.com\/dwtecheu\" target=\"_blank\"><\/a><\/li><li><a class=\"social-instagram\" href=\"https:\/\/www.instagram.com\/dwte_ch\" target=\"_blank\"><\/a><\/li><li><a class=\"social-location\" href=\"https:\/\/maps.app.goo.gl\/4yDJFGxJR5E2ij7q9\" target=\"_blank\"><\/a><\/li><\/ul><\/div>[\/vc_column_inner][\/vc_row_inner]<div id='map' style='width:100%;height:536px;'><\/div><script type=\"text\/javascript\">if(typeof(theme_google_maps)=='undefined') \r\n\t{\r\n\t\tvar theme_google_maps=[];\r\n\t}\r\n\tvar map_map = null;\r\n\tvar coordinate_map;\r\n\ttry\r\n    {\r\n        coordinate_map=new google.maps.LatLng(50.59949162247051, 17.892405432535952);\r\n        var mapOptions= \r\n        {\r\n            zoom:17,\r\n            center:coordinate_map,\r\n            mapTypeId:google.maps.MapTypeId.ROADMAP,\r\n\t\t\tstreetViewControl:true,\r\n\t\t\tmapTypeControl:true,\r\n\t\t\tscrollwheel: true,\r\n\t\t\tdraggable: true\/*,\r\n\t\t\tstyles: [ { 'featureType': 'water', 'elementType': 'geometry', 'stylers': [ { 'color': '#8ccaf1' } ] },{ 'featureType': 'poi', 'stylers': [ { 'visibility': 'off' } ] },{ 'featureType': 'transit', 'stylers': [ { 'visibility': 'off' } ] },{ 'featureType': 'water', 'elementType': 'labels', 'stylers': [ { 'color': '#ffffff' }, { 'visibility': 'simplified' } ] } ]*\/\r\n        };\r\n        var map_map = new google.maps.Map(document.getElementById('map'),mapOptions);\r\n\t\ttheme_google_maps.push({map: map_map, coordinate: coordinate_map});\r\n\t\tvar marker_map = new google.maps.Marker({\r\n\t\t\tposition: new google.maps.LatLng(50.59949162247051, 17.892405432535952),\r\n\t\t\tmap: map_map, icon: new google.maps.MarkerImage('https:\/\/dw-tech.eu\/wp-content\/themes\/cleanmate\/images\/map_pointer.png', new google.maps.Size(100, 60), null, new google.maps.Point(50, 60))\r\n\t\t});\r\n    }\r\n    catch(e) {};\r\n\tjQuery(document).ready(function($){\r\n\t\t$(window).resize(function(){\r\n\t\t\tif(map_map!=null)\r\n\t\t\t\tmap_map.setCenter(coordinate_map);\r\n\t\t});\r\n\t});<\/script>[\/vc_column][\/vc_row][vc_row el_class=&#8220;margin-top-89 padding-bottom-100&#8243;][vc_column][vc_raw_html css=&#8220;&#8220;]PGgyIGNsYXNzPSJhbGlnbi1jZW50ZXIgZ3JlZW4iPlphdm9sZWp0ZSBuw6FtOiA8YSBocmVmPSJ0ZWw6MDA0ODc5MDY3NzA0NiI+KzQ4IDc5MCA2NzcgMDQ2PC9hPjwvaDI+[\/vc_raw_html][vc_column_text css=&#8220;&#8220; el_class=&#8220;description align-center margin-top-20&#8243;]nebo po\u0161lete zpr\u00e1vu[\/vc_column_text]<form class=\"cm-contact-form page-margin-top\" id=\"contact-form\" method=\"post\" action=\"#\">\r\n\t\t<div class=\"vc_row wpb_row vc_inner flex-box\">\r\n\t\t\t<fieldset class=\"vc_col-sm-6 wpb_column vc_column_container\">\r\n\t\t\t\t<div class=\"block\">\r\n\t\t\t\t\t<label>VA\u0160E JM\u00c9NO NEBO N\u00c1ZEV SPOLE\u010cNOSTI<\/label>\r\n\t\t\t\t\t<input class=\"text_input\" name=\"name\" type=\"text\" value=\"\" data-required=\"1\">\r\n\t\t\t\t<\/div>\r\n\t\t\t\t<div class=\"block\">\r\n\t\t\t\t\t<label>VA\u0160E E-MAILOV\u00c1 ADRESA<\/label>\r\n\t\t\t\t\t<input class=\"text_input\" name=\"email\" type=\"text\" value=\"\" data-required=\"1\">\r\n\t\t\t\t<\/div>\r\n\t\t\t\t<div class=\"block\">\r\n\t\t\t\t\t<label>V\u00c1\u0160 TELEFON<\/label>\r\n\t\t\t\t\t<input class=\"text_input\" name=\"phone\" type=\"text\" value=\"\">\r\n\t\t\t\t<\/div>\r\n\t\t\t<\/fieldset>\r\n\t\t\t<fieldset class=\"vc_col-sm-6 wpb_column vc_column_container\">\r\n\t\t\t\t<div class=\"block textarea-block\">\r\n\t\t\t\t\t<label>OBSAH ZPR\u00c1VY<\/label>\r\n\t\t\t\t\t<textarea name=\"message\" data-required=\"1\"><\/textarea>\r\n\t\t\t\t<\/div>\r\n\t\t\t<\/fieldset>\r\n\t\t<\/div>\r\n\t\t<div class=\"vc_row wpb_row vc_inner margin-top-30\">\r\n\t\t\t<div class=\"vc_col-sm-12 wpb_column vc_column_container\">\r\n\t\t\t\t<input type=\"hidden\" name=\"action\" value=\"theme_contact_form\">\r\n\t\t\t\t<input type=\"hidden\" name=\"id\" value=\"contact-form\"><div class=\"terms-container block\">\r\n\t\t\t\t\t\t<input type=\"checkbox\" name=\"terms\" id=\"contact-formterms\" value=\"1\"><label for=\"contact-formterms\">P\u0159e\u010detl\/a jsem a p\u0159ij\u00edm\u00e1m Z\u00e1sady ochrany osobn\u00edch \u00fadaj\u016f.<\/label>\r\n\t\t\t\t\t<\/div><div class=\"vc_row wpb_row vc_inner margin-top-15 padding-bottom-16 align-center\">\r\n\t\t\t\t\t<a class=\"more submit-contact-form\" href=\"#\" title=\"Odeslat zpr\u00e1vu\">Odeslat zpr\u00e1vu<\/a>\r\n\t\t\t\t<\/div><\/div>\r\n\t\t<\/div>\r\n\t<\/form>[\/vc_column][\/vc_row]<\/p>\n<\/div>","protected":false},"excerpt":{"rendered":"<p>[vc_row type=&#8220;full-width&#8220;][vc_column][vc_row_inner][vc_column_inner][\/vc_column_inner][\/vc_row_inner][\/vc_column][\/vc_row][vc_row el_class=&#8220;margin-top-89 padding-bottom-100&#8243;][vc_column][vc_raw_html css=&#8220;&#8220;]PGgyIGNsYXNzPSJhbGlnbi1jZW50ZXIgZ3JlZW4iPlphdm9sZWp0ZSBuw6FtOiA8YSBocmVmPSJ0ZWw6MDA0ODc5MDY3NzA0NiI+KzQ4IDc5MCA2NzcgMDQ2PC9hPjwvaDI+[\/vc_raw_html][vc_column_text css=&#8220;&#8220; el_class=&#8220;description align-center margin-top-20&#8243;]nebo po\u0161lete zpr\u00e1vu[\/vc_column_text][\/vc_column][\/vc_row]<\/p>\n","protected":false},"author":2,"featured_media":0,"parent":0,"menu_order":0,"comment_status":"closed","ping_status":"closed","template":"template-default-without-breadcrumbs.php","meta":{"footnotes":""},"class_list":["post-2523","page","type-page","status-publish","hentry"],"yoast_head":"<!-- This site is optimized with the Yoast SEO plugin v27.0 - https:\/\/yoast.com\/product\/yoast-seo-wordpress\/ -->\n<title>Kontakt - DW-Tech<\/title>\n<meta name=\"robots\" content=\"index, follow, max-snippet:-1, max-image-preview:large, max-video-preview:-1\" \/>\n<link rel=\"canonical\" href=\"https:\/\/dw-tech.eu\/cs\/kontakt\/\" \/>\n<meta property=\"og:locale\" content=\"cs_CZ\" \/>\n<meta property=\"og:type\" content=\"article\" \/>\n<meta property=\"og:title\" content=\"Kontakt - DW-Tech\" \/>\n<meta property=\"og:description\" content=\"[vc_row type=&#8220;full-width&#8220;][vc_column][vc_row_inner][vc_column_inner][\/vc_column_inner][\/vc_row_inner][\/vc_column][\/vc_row][vc_row el_class=&#8220;margin-top-89 padding-bottom-100&#8243;][vc_column][vc_raw_html css=&#8220;&#8220;]PGgyIGNsYXNzPSJhbGlnbi1jZW50ZXIgZ3JlZW4iPlphdm9sZWp0ZSBuw6FtOiA8YSBocmVmPSJ0ZWw6MDA0ODc5MDY3NzA0NiI+KzQ4IDc5MCA2NzcgMDQ2PC9hPjwvaDI+[\/vc_raw_html][vc_column_text css=&#8220;&#8220; el_class=&#8220;description align-center margin-top-20&#8243;]nebo po\u0161lete zpr\u00e1vu[\/vc_column_text][\/vc_column][\/vc_row]\" \/>\n<meta property=\"og:url\" content=\"https:\/\/dw-tech.eu\/cs\/kontakt\/\" \/>\n<meta property=\"og:site_name\" content=\"DW-Tech\" \/>\n<meta property=\"article:publisher\" content=\"https:\/\/www.facebook.com\/dwtech.logistics.solutions\" \/>\n<meta property=\"article:modified_time\" content=\"2025-03-16T20:41:26+00:00\" \/>\n<meta name=\"twitter:card\" content=\"summary_large_image\" \/>\n<meta name=\"twitter:label1\" content=\"Odhadovan\u00e1 doba \u010dten\u00ed\" \/>\n\t<meta name=\"twitter:data1\" content=\"1 minuta\" \/>\n<script type=\"application\/ld+json\" class=\"yoast-schema-graph\">{\"@context\":\"https:\/\/schema.org\",\"@graph\":[{\"@type\":\"WebPage\",\"@id\":\"https:\/\/dw-tech.eu\/cs\/kontakt\/\",\"url\":\"https:\/\/dw-tech.eu\/cs\/kontakt\/\",\"name\":\"Kontakt - DW-Tech\",\"isPartOf\":{\"@id\":\"https:\/\/dw-tech.eu\/cs\/#website\"},\"datePublished\":\"2017-10-18T08:17:38+00:00\",\"dateModified\":\"2025-03-16T20:41:26+00:00\",\"breadcrumb\":{\"@id\":\"https:\/\/dw-tech.eu\/cs\/kontakt\/#breadcrumb\"},\"inLanguage\":\"cs\",\"potentialAction\":[{\"@type\":\"ReadAction\",\"target\":[\"https:\/\/dw-tech.eu\/cs\/kontakt\/\"]}]},{\"@type\":\"BreadcrumbList\",\"@id\":\"https:\/\/dw-tech.eu\/cs\/kontakt\/#breadcrumb\",\"itemListElement\":[{\"@type\":\"ListItem\",\"position\":1,\"name\":\"Strona g\u0142\u00f3wna\",\"item\":\"https:\/\/dw-tech.eu\/cs\/\"},{\"@type\":\"ListItem\",\"position\":2,\"name\":\"Kontakt\"}]},{\"@type\":\"WebSite\",\"@id\":\"https:\/\/dw-tech.eu\/cs\/#website\",\"url\":\"https:\/\/dw-tech.eu\/cs\/\",\"name\":\"DW-Tech\",\"description\":\"V\u00fdrobce za\u0159\u00edzen\u00ed pro okrasn\u00e9 \u0161kolky\",\"publisher\":{\"@id\":\"https:\/\/dw-tech.eu\/cs\/#organization\"},\"potentialAction\":[{\"@type\":\"SearchAction\",\"target\":{\"@type\":\"EntryPoint\",\"urlTemplate\":\"https:\/\/dw-tech.eu\/cs\/?s={search_term_string}\"},\"query-input\":{\"@type\":\"PropertyValueSpecification\",\"valueRequired\":true,\"valueName\":\"search_term_string\"}}],\"inLanguage\":\"cs\"},{\"@type\":\"Organization\",\"@id\":\"https:\/\/dw-tech.eu\/cs\/#organization\",\"name\":\"DW-Tech\",\"url\":\"https:\/\/dw-tech.eu\/cs\/\",\"logo\":{\"@type\":\"ImageObject\",\"inLanguage\":\"cs\",\"@id\":\"https:\/\/dw-tech.eu\/cs\/#\/schema\/logo\/image\/\",\"url\":\"https:\/\/dw-tech.eu\/wp-content\/uploads\/2024\/11\/dw_tech_logo_512px.png\",\"contentUrl\":\"https:\/\/dw-tech.eu\/wp-content\/uploads\/2024\/11\/dw_tech_logo_512px.png\",\"width\":2134,\"height\":2134,\"caption\":\"DW-Tech\"},\"image\":{\"@id\":\"https:\/\/dw-tech.eu\/cs\/#\/schema\/logo\/image\/\"},\"sameAs\":[\"https:\/\/www.facebook.com\/dwtech.logistics.solutions\",\"https:\/\/www.linkedin.com\/company\/dw-tech-logistics-solutions\",\"https:\/\/www.instagram.com\/dwtech_logistics_solutions\"]}]}<\/script>\n<!-- \/ Yoast SEO plugin. -->","yoast_head_json":{"title":"Kontakt - DW-Tech","robots":{"index":"index","follow":"follow","max-snippet":"max-snippet:-1","max-image-preview":"max-image-preview:large","max-video-preview":"max-video-preview:-1"},"canonical":"https:\/\/dw-tech.eu\/cs\/kontakt\/","og_locale":"cs_CZ","og_type":"article","og_title":"Kontakt - DW-Tech","og_description":"[vc_row type=&#8220;full-width&#8220;][vc_column][vc_row_inner][vc_column_inner][\/vc_column_inner][\/vc_row_inner][\/vc_column][\/vc_row][vc_row el_class=&#8220;margin-top-89 padding-bottom-100&#8243;][vc_column][vc_raw_html css=&#8220;&#8220;]PGgyIGNsYXNzPSJhbGlnbi1jZW50ZXIgZ3JlZW4iPlphdm9sZWp0ZSBuw6FtOiA8YSBocmVmPSJ0ZWw6MDA0ODc5MDY3NzA0NiI+KzQ4IDc5MCA2NzcgMDQ2PC9hPjwvaDI+[\/vc_raw_html][vc_column_text css=&#8220;&#8220; el_class=&#8220;description align-center margin-top-20&#8243;]nebo po\u0161lete zpr\u00e1vu[\/vc_column_text][\/vc_column][\/vc_row]","og_url":"https:\/\/dw-tech.eu\/cs\/kontakt\/","og_site_name":"DW-Tech","article_publisher":"https:\/\/www.facebook.com\/dwtech.logistics.solutions","article_modified_time":"2025-03-16T20:41:26+00:00","twitter_card":"summary_large_image","twitter_misc":{"Odhadovan\u00e1 doba \u010dten\u00ed":"1 minuta"},"schema":{"@context":"https:\/\/schema.org","@graph":[{"@type":"WebPage","@id":"https:\/\/dw-tech.eu\/cs\/kontakt\/","url":"https:\/\/dw-tech.eu\/cs\/kontakt\/","name":"Kontakt - DW-Tech","isPartOf":{"@id":"https:\/\/dw-tech.eu\/cs\/#website"},"datePublished":"2017-10-18T08:17:38+00:00","dateModified":"2025-03-16T20:41:26+00:00","breadcrumb":{"@id":"https:\/\/dw-tech.eu\/cs\/kontakt\/#breadcrumb"},"inLanguage":"cs","potentialAction":[{"@type":"ReadAction","target":["https:\/\/dw-tech.eu\/cs\/kontakt\/"]}]},{"@type":"BreadcrumbList","@id":"https:\/\/dw-tech.eu\/cs\/kontakt\/#breadcrumb","itemListElement":[{"@type":"ListItem","position":1,"name":"Strona g\u0142\u00f3wna","item":"https:\/\/dw-tech.eu\/cs\/"},{"@type":"ListItem","position":2,"name":"Kontakt"}]},{"@type":"WebSite","@id":"https:\/\/dw-tech.eu\/cs\/#website","url":"https:\/\/dw-tech.eu\/cs\/","name":"DW-Tech","description":"V\u00fdrobce za\u0159\u00edzen\u00ed pro okrasn\u00e9 \u0161kolky","publisher":{"@id":"https:\/\/dw-tech.eu\/cs\/#organization"},"potentialAction":[{"@type":"SearchAction","target":{"@type":"EntryPoint","urlTemplate":"https:\/\/dw-tech.eu\/cs\/?s={search_term_string}"},"query-input":{"@type":"PropertyValueSpecification","valueRequired":true,"valueName":"search_term_string"}}],"inLanguage":"cs"},{"@type":"Organization","@id":"https:\/\/dw-tech.eu\/cs\/#organization","name":"DW-Tech","url":"https:\/\/dw-tech.eu\/cs\/","logo":{"@type":"ImageObject","inLanguage":"cs","@id":"https:\/\/dw-tech.eu\/cs\/#\/schema\/logo\/image\/","url":"https:\/\/dw-tech.eu\/wp-content\/uploads\/2024\/11\/dw_tech_logo_512px.png","contentUrl":"https:\/\/dw-tech.eu\/wp-content\/uploads\/2024\/11\/dw_tech_logo_512px.png","width":2134,"height":2134,"caption":"DW-Tech"},"image":{"@id":"https:\/\/dw-tech.eu\/cs\/#\/schema\/logo\/image\/"},"sameAs":["https:\/\/www.facebook.com\/dwtech.logistics.solutions","https:\/\/www.linkedin.com\/company\/dw-tech-logistics-solutions","https:\/\/www.instagram.com\/dwtech_logistics_solutions"]}]}},"_links":{"self":[{"href":"https:\/\/dw-tech.eu\/cs\/wp-json\/wp\/v2\/pages\/2523","targetHints":{"allow":["GET"]}}],"collection":[{"href":"https:\/\/dw-tech.eu\/cs\/wp-json\/wp\/v2\/pages"}],"about":[{"href":"https:\/\/dw-tech.eu\/cs\/wp-json\/wp\/v2\/types\/page"}],"author":[{"embeddable":true,"href":"https:\/\/dw-tech.eu\/cs\/wp-json\/wp\/v2\/users\/2"}],"replies":[{"embeddable":true,"href":"https:\/\/dw-tech.eu\/cs\/wp-json\/wp\/v2\/comments?post=2523"}],"version-history":[{"count":3,"href":"https:\/\/dw-tech.eu\/cs\/wp-json\/wp\/v2\/pages\/2523\/revisions"}],"predecessor-version":[{"id":2529,"href":"https:\/\/dw-tech.eu\/cs\/wp-json\/wp\/v2\/pages\/2523\/revisions\/2529"}],"wp:attachment":[{"href":"https:\/\/dw-tech.eu\/cs\/wp-json\/wp\/v2\/media?parent=2523"}],"curies":[{"name":"wp","href":"https:\/\/api.w.org\/{rel}","templated":true}]}}