{"id":2526,"date":"2017-09-21T13:15:18","date_gmt":"2017-09-21T11:15:18","guid":{"rendered":"https:\/\/dw-tech.eu\/produkty\/"},"modified":"2026-02-21T23:38:29","modified_gmt":"2026-02-21T22:38:29","slug":"produkty","status":"publish","type":"page","link":"https:\/\/dw-tech.eu\/cs\/produkty\/","title":{"rendered":"Produkty"},"content":{"rendered":"<div class=\"wpb-content-wrapper\"><p>[vc_row top_margin=&#8220;page-margin-top-section&#8220; el_class=&#8220;padding-bottom-100&#8243;][vc_column]<ul class=\"services-list clearfix gray\"><li class=\"vc_row wpb_row vc_row-fluid\"><ul><li><a href=\"https:\/\/dw-tech.eu\/cs\/produkt\/privesny-vozik\/\" title=\"P\u0159\u00edv\u011bsn\u00fd Voz\u00edk\"><img loading=\"lazy\" decoding=\"async\" width=\"480\" height=\"320\" src=\"https:\/\/dw-tech.eu\/wp-content\/uploads\/2024\/11\/wozki-szkolkarskie-IMG-20200919-WA0007-480x320.jpg\" class=\"attachment-medium-thumb size-medium-thumb wp-post-image\" alt=\"P\u0159\u00edv\u011bsn\u00fd Voz\u00edk\" title=\"\" srcset=\"https:\/\/dw-tech.eu\/wp-content\/uploads\/2024\/11\/wozki-szkolkarskie-IMG-20200919-WA0007-480x320.jpg 480w, https:\/\/dw-tech.eu\/wp-content\/uploads\/2024\/11\/wozki-szkolkarskie-IMG-20200919-WA0007-370x246.jpg 370w\" sizes=\"auto, (max-width: 480px) 100vw, 480px\" \/><\/a><h4 class=\"box-header\"><a href=\"https:\/\/dw-tech.eu\/cs\/produkt\/privesny-vozik\/\" title=\"P\u0159\u00edv\u011bsn\u00fd Voz\u00edk\">P\u0159\u00edv\u011bsn\u00fd Voz\u00edk<\/a><\/h4><p>Voz\u00edk ur\u010den\u00fd pro p\u0159epravu rostlin a stromk\u016f v okrasn\u00fdch \u0161kolk\u00e1ch.<\/p>\n<\/li><li><a href=\"https:\/\/dw-tech.eu\/cs\/produkt\/prepravni-kolecko\/\" title=\"P\u0159epravn\u00ed Kole\u010dko\"><img loading=\"lazy\" decoding=\"async\" width=\"480\" height=\"320\" src=\"https:\/\/dw-tech.eu\/wp-content\/uploads\/2017\/09\/Taczka2-480x320.jpg\" class=\"attachment-medium-thumb size-medium-thumb wp-post-image\" alt=\"P\u0159epravn\u00ed Kole\u010dko\" title=\"\" srcset=\"https:\/\/dw-tech.eu\/wp-content\/uploads\/2017\/09\/Taczka2-480x320.jpg 480w, https:\/\/dw-tech.eu\/wp-content\/uploads\/2017\/09\/Taczka2-370x246.jpg 370w\" sizes=\"auto, (max-width: 480px) 100vw, 480px\" \/><\/a><h4 class=\"box-header\"><a href=\"https:\/\/dw-tech.eu\/cs\/produkt\/prepravni-kolecko\/\" title=\"P\u0159epravn\u00ed Kole\u010dko\">P\u0159epravn\u00ed Kole\u010dko<\/a><\/h4><p>Lehk\u00e9 kole\u010dko pro p\u0159epravu plastov\u00fdch p\u0159epravek.<\/p>\n<\/li><li><a href=\"https:\/\/dw-tech.eu\/cs\/produkt\/prepravnik-danskych-voziku\/\" title=\"P\u0159epravn\u00edk CC Voz\u00edk\u016f\"><img loading=\"lazy\" decoding=\"async\" width=\"480\" height=\"320\" src=\"https:\/\/dw-tech.eu\/wp-content\/uploads\/2017\/09\/IMG-20211105-WA0010-480x320.jpg\" class=\"attachment-medium-thumb size-medium-thumb wp-post-image\" alt=\"P\u0159epravn\u00edk CC Voz\u00edk\u016f\" title=\"\" srcset=\"https:\/\/dw-tech.eu\/wp-content\/uploads\/2017\/09\/IMG-20211105-WA0010-480x320.jpg 480w, https:\/\/dw-tech.eu\/wp-content\/uploads\/2017\/09\/IMG-20211105-WA0010-370x246.jpg 370w\" sizes=\"auto, (max-width: 480px) 100vw, 480px\" \/><\/a><h4 class=\"box-header\"><a href=\"https:\/\/dw-tech.eu\/cs\/produkt\/prepravnik-danskych-voziku\/\" title=\"P\u0159epravn\u00edk CC Voz\u00edk\u016f\">P\u0159epravn\u00edk CC Voz\u00edk\u016f<\/a><\/h4><p>P\u0159\u00edv\u011bs pro p\u0159epravu d\u00e1nsk\u00fdch voz\u00edk\u016f v okrasn\u00fdch \u0161kolk\u00e1ch.<\/p>\n<\/li><\/ul><\/li><li class=\"vc_row wpb_row vc_row-fluid\"><ul><li><a href=\"https:\/\/dw-tech.eu\/cs\/produkt\/vozik-na-prepravu-stromku\/\" title=\"Voz\u00edk na P\u0159epravu Stromk\u016f\"><img loading=\"lazy\" decoding=\"async\" width=\"480\" height=\"320\" src=\"https:\/\/dw-tech.eu\/wp-content\/uploads\/2017\/09\/Picture3-480x320.jpg\" class=\"attachment-medium-thumb size-medium-thumb wp-post-image\" alt=\"Voz\u00edk na P\u0159epravu Stromk\u016f\" title=\"\" srcset=\"https:\/\/dw-tech.eu\/wp-content\/uploads\/2017\/09\/Picture3-480x320.jpg 480w, https:\/\/dw-tech.eu\/wp-content\/uploads\/2017\/09\/Picture3-370x246.jpg 370w\" sizes=\"auto, (max-width: 480px) 100vw, 480px\" \/><\/a><h4 class=\"box-header\"><a href=\"https:\/\/dw-tech.eu\/cs\/produkt\/vozik-na-prepravu-stromku\/\" title=\"Voz\u00edk na P\u0159epravu Stromk\u016f\">Voz\u00edk na P\u0159epravu Stromk\u016f<\/a><\/h4><p>Voz\u00edk ur\u010den\u00fd k p\u0159eprav\u011b vysok\u00fdch alejov\u00fdch strom\u016f.<\/p>\n<\/li><li><a href=\"https:\/\/dw-tech.eu\/cs\/produkt\/nakupni-a-prepravni-vozik\/\" title=\"N\u00e1kupn\u00ed a p\u0159epravn\u00ed voz\u00edk\"><img loading=\"lazy\" decoding=\"async\" width=\"480\" height=\"320\" src=\"https:\/\/dw-tech.eu\/wp-content\/uploads\/2026\/02\/image00034-480x320.jpeg\" class=\"attachment-medium-thumb size-medium-thumb wp-post-image\" alt=\"N\u00e1kupn\u00ed a p\u0159epravn\u00ed voz\u00edk\" title=\"\" srcset=\"https:\/\/dw-tech.eu\/wp-content\/uploads\/2026\/02\/image00034-480x320.jpeg 480w, https:\/\/dw-tech.eu\/wp-content\/uploads\/2026\/02\/image00034-370x246.jpeg 370w\" sizes=\"auto, (max-width: 480px) 100vw, 480px\" \/><\/a><h4 class=\"box-header\"><a href=\"https:\/\/dw-tech.eu\/cs\/produkt\/nakupni-a-prepravni-vozik\/\" title=\"N\u00e1kupn\u00ed a p\u0159epravn\u00ed voz\u00edk\">N\u00e1kupn\u00ed a p\u0159epravn\u00ed voz\u00edk<\/a><\/h4><p>Voz\u00edk pro p\u0159epravu plastov\u00fdch p\u0159epravek a n\u00e1kupu.<\/p>\n<\/li><li><a href=\"https:\/\/dw-tech.eu\/cs\/produkt\/prepravnik-cc-voziku-jeden-kus\/\" title=\"P\u0159epravn\u00edk CC Voz\u00edk\u016f jeden kus\"><img loading=\"lazy\" decoding=\"async\" width=\"480\" height=\"320\" src=\"https:\/\/dw-tech.eu\/wp-content\/uploads\/2026\/02\/image00001-480x320.jpeg\" class=\"attachment-medium-thumb size-medium-thumb wp-post-image\" alt=\"P\u0159epravn\u00edk CC Voz\u00edk\u016f jeden kus\" title=\"\" srcset=\"https:\/\/dw-tech.eu\/wp-content\/uploads\/2026\/02\/image00001-480x320.jpeg 480w, https:\/\/dw-tech.eu\/wp-content\/uploads\/2026\/02\/image00001-370x246.jpeg 370w\" sizes=\"auto, (max-width: 480px) 100vw, 480px\" \/><\/a><h4 class=\"box-header\"><a href=\"https:\/\/dw-tech.eu\/cs\/produkt\/prepravnik-cc-voziku-jeden-kus\/\" title=\"P\u0159epravn\u00edk CC Voz\u00edk\u016f jeden kus\">P\u0159epravn\u00edk CC Voz\u00edk\u016f jeden kus<\/a><\/h4><p>P\u0159\u00edv\u011bs pro p\u0159epravu jednoho d\u00e1nsk\u00e9ho voz\u00edku v okrasn\u00fdch \u0161kolk\u00e1ch.<\/p>\n<\/li><\/ul><\/li><\/ul>[\/vc_column][\/vc_row]<\/p>\n<\/div>","protected":false},"excerpt":{"rendered":"<p>[vc_row top_margin=&#8220;page-margin-top-section&#8220; el_class=&#8220;padding-bottom-100&#8243;][vc_column][\/vc_column][\/vc_row]<\/p>\n","protected":false},"author":2,"featured_media":0,"parent":0,"menu_order":0,"comment_status":"closed","ping_status":"closed","template":"","meta":{"footnotes":""},"class_list":["post-2526","page","type-page","status-publish","hentry"],"yoast_head":"<!-- This site is optimized with the Yoast SEO plugin v27.0 - https:\/\/yoast.com\/product\/yoast-seo-wordpress\/ -->\n<title>Produkty - DW-Tech<\/title>\n<meta name=\"robots\" content=\"index, follow, max-snippet:-1, max-image-preview:large, max-video-preview:-1\" \/>\n<link rel=\"canonical\" href=\"https:\/\/dw-tech.eu\/cs\/produkty\/\" \/>\n<meta property=\"og:locale\" content=\"cs_CZ\" \/>\n<meta property=\"og:type\" content=\"article\" \/>\n<meta property=\"og:title\" content=\"Produkty - DW-Tech\" \/>\n<meta property=\"og:description\" content=\"[vc_row top_margin=&#8220;page-margin-top-section&#8220; el_class=&#8220;padding-bottom-100&#8243;][vc_column][\/vc_column][\/vc_row]\" \/>\n<meta property=\"og:url\" content=\"https:\/\/dw-tech.eu\/cs\/produkty\/\" \/>\n<meta property=\"og:site_name\" content=\"DW-Tech\" \/>\n<meta property=\"article:publisher\" content=\"https:\/\/www.facebook.com\/dwtech.logistics.solutions\" \/>\n<meta property=\"article:modified_time\" content=\"2026-02-21T22:38:29+00:00\" \/>\n<meta name=\"twitter:card\" content=\"summary_large_image\" \/>\n<meta name=\"twitter:label1\" content=\"Odhadovan\u00e1 doba \u010dten\u00ed\" \/>\n\t<meta name=\"twitter:data1\" content=\"1 minuta\" \/>\n<script type=\"application\/ld+json\" class=\"yoast-schema-graph\">{\"@context\":\"https:\/\/schema.org\",\"@graph\":[{\"@type\":\"WebPage\",\"@id\":\"https:\/\/dw-tech.eu\/cs\/produkty\/\",\"url\":\"https:\/\/dw-tech.eu\/cs\/produkty\/\",\"name\":\"Produkty - DW-Tech\",\"isPartOf\":{\"@id\":\"https:\/\/dw-tech.eu\/cs\/#website\"},\"datePublished\":\"2017-09-21T11:15:18+00:00\",\"dateModified\":\"2026-02-21T22:38:29+00:00\",\"breadcrumb\":{\"@id\":\"https:\/\/dw-tech.eu\/cs\/produkty\/#breadcrumb\"},\"inLanguage\":\"cs\",\"potentialAction\":[{\"@type\":\"ReadAction\",\"target\":[\"https:\/\/dw-tech.eu\/cs\/produkty\/\"]}]},{\"@type\":\"BreadcrumbList\",\"@id\":\"https:\/\/dw-tech.eu\/cs\/produkty\/#breadcrumb\",\"itemListElement\":[{\"@type\":\"ListItem\",\"position\":1,\"name\":\"Strona g\u0142\u00f3wna\",\"item\":\"https:\/\/dw-tech.eu\/cs\/\"},{\"@type\":\"ListItem\",\"position\":2,\"name\":\"Produkty\"}]},{\"@type\":\"WebSite\",\"@id\":\"https:\/\/dw-tech.eu\/cs\/#website\",\"url\":\"https:\/\/dw-tech.eu\/cs\/\",\"name\":\"DW-Tech\",\"description\":\"V\u00fdrobce za\u0159\u00edzen\u00ed pro okrasn\u00e9 \u0161kolky\",\"publisher\":{\"@id\":\"https:\/\/dw-tech.eu\/cs\/#organization\"},\"potentialAction\":[{\"@type\":\"SearchAction\",\"target\":{\"@type\":\"EntryPoint\",\"urlTemplate\":\"https:\/\/dw-tech.eu\/cs\/?s={search_term_string}\"},\"query-input\":{\"@type\":\"PropertyValueSpecification\",\"valueRequired\":true,\"valueName\":\"search_term_string\"}}],\"inLanguage\":\"cs\"},{\"@type\":\"Organization\",\"@id\":\"https:\/\/dw-tech.eu\/cs\/#organization\",\"name\":\"DW-Tech\",\"url\":\"https:\/\/dw-tech.eu\/cs\/\",\"logo\":{\"@type\":\"ImageObject\",\"inLanguage\":\"cs\",\"@id\":\"https:\/\/dw-tech.eu\/cs\/#\/schema\/logo\/image\/\",\"url\":\"https:\/\/dw-tech.eu\/wp-content\/uploads\/2024\/11\/dw_tech_logo_512px.png\",\"contentUrl\":\"https:\/\/dw-tech.eu\/wp-content\/uploads\/2024\/11\/dw_tech_logo_512px.png\",\"width\":2134,\"height\":2134,\"caption\":\"DW-Tech\"},\"image\":{\"@id\":\"https:\/\/dw-tech.eu\/cs\/#\/schema\/logo\/image\/\"},\"sameAs\":[\"https:\/\/www.facebook.com\/dwtech.logistics.solutions\",\"https:\/\/www.linkedin.com\/company\/dw-tech-logistics-solutions\",\"https:\/\/www.instagram.com\/dwtech_logistics_solutions\"]}]}<\/script>\n<!-- \/ Yoast SEO plugin. -->","yoast_head_json":{"title":"Produkty - DW-Tech","robots":{"index":"index","follow":"follow","max-snippet":"max-snippet:-1","max-image-preview":"max-image-preview:large","max-video-preview":"max-video-preview:-1"},"canonical":"https:\/\/dw-tech.eu\/cs\/produkty\/","og_locale":"cs_CZ","og_type":"article","og_title":"Produkty - DW-Tech","og_description":"[vc_row top_margin=&#8220;page-margin-top-section&#8220; el_class=&#8220;padding-bottom-100&#8243;][vc_column][\/vc_column][\/vc_row]","og_url":"https:\/\/dw-tech.eu\/cs\/produkty\/","og_site_name":"DW-Tech","article_publisher":"https:\/\/www.facebook.com\/dwtech.logistics.solutions","article_modified_time":"2026-02-21T22:38:29+00:00","twitter_card":"summary_large_image","twitter_misc":{"Odhadovan\u00e1 doba \u010dten\u00ed":"1 minuta"},"schema":{"@context":"https:\/\/schema.org","@graph":[{"@type":"WebPage","@id":"https:\/\/dw-tech.eu\/cs\/produkty\/","url":"https:\/\/dw-tech.eu\/cs\/produkty\/","name":"Produkty - DW-Tech","isPartOf":{"@id":"https:\/\/dw-tech.eu\/cs\/#website"},"datePublished":"2017-09-21T11:15:18+00:00","dateModified":"2026-02-21T22:38:29+00:00","breadcrumb":{"@id":"https:\/\/dw-tech.eu\/cs\/produkty\/#breadcrumb"},"inLanguage":"cs","potentialAction":[{"@type":"ReadAction","target":["https:\/\/dw-tech.eu\/cs\/produkty\/"]}]},{"@type":"BreadcrumbList","@id":"https:\/\/dw-tech.eu\/cs\/produkty\/#breadcrumb","itemListElement":[{"@type":"ListItem","position":1,"name":"Strona g\u0142\u00f3wna","item":"https:\/\/dw-tech.eu\/cs\/"},{"@type":"ListItem","position":2,"name":"Produkty"}]},{"@type":"WebSite","@id":"https:\/\/dw-tech.eu\/cs\/#website","url":"https:\/\/dw-tech.eu\/cs\/","name":"DW-Tech","description":"V\u00fdrobce za\u0159\u00edzen\u00ed pro okrasn\u00e9 \u0161kolky","publisher":{"@id":"https:\/\/dw-tech.eu\/cs\/#organization"},"potentialAction":[{"@type":"SearchAction","target":{"@type":"EntryPoint","urlTemplate":"https:\/\/dw-tech.eu\/cs\/?s={search_term_string}"},"query-input":{"@type":"PropertyValueSpecification","valueRequired":true,"valueName":"search_term_string"}}],"inLanguage":"cs"},{"@type":"Organization","@id":"https:\/\/dw-tech.eu\/cs\/#organization","name":"DW-Tech","url":"https:\/\/dw-tech.eu\/cs\/","logo":{"@type":"ImageObject","inLanguage":"cs","@id":"https:\/\/dw-tech.eu\/cs\/#\/schema\/logo\/image\/","url":"https:\/\/dw-tech.eu\/wp-content\/uploads\/2024\/11\/dw_tech_logo_512px.png","contentUrl":"https:\/\/dw-tech.eu\/wp-content\/uploads\/2024\/11\/dw_tech_logo_512px.png","width":2134,"height":2134,"caption":"DW-Tech"},"image":{"@id":"https:\/\/dw-tech.eu\/cs\/#\/schema\/logo\/image\/"},"sameAs":["https:\/\/www.facebook.com\/dwtech.logistics.solutions","https:\/\/www.linkedin.com\/company\/dw-tech-logistics-solutions","https:\/\/www.instagram.com\/dwtech_logistics_solutions"]}]}},"_links":{"self":[{"href":"https:\/\/dw-tech.eu\/cs\/wp-json\/wp\/v2\/pages\/2526","targetHints":{"allow":["GET"]}}],"collection":[{"href":"https:\/\/dw-tech.eu\/cs\/wp-json\/wp\/v2\/pages"}],"about":[{"href":"https:\/\/dw-tech.eu\/cs\/wp-json\/wp\/v2\/types\/page"}],"author":[{"embeddable":true,"href":"https:\/\/dw-tech.eu\/cs\/wp-json\/wp\/v2\/users\/2"}],"replies":[{"embeddable":true,"href":"https:\/\/dw-tech.eu\/cs\/wp-json\/wp\/v2\/comments?post=2526"}],"version-history":[{"count":3,"href":"https:\/\/dw-tech.eu\/cs\/wp-json\/wp\/v2\/pages\/2526\/revisions"}],"predecessor-version":[{"id":2823,"href":"https:\/\/dw-tech.eu\/cs\/wp-json\/wp\/v2\/pages\/2526\/revisions\/2823"}],"wp:attachment":[{"href":"https:\/\/dw-tech.eu\/cs\/wp-json\/wp\/v2\/media?parent=2526"}],"curies":[{"name":"wp","href":"https:\/\/api.w.org\/{rel}","templated":true}]}}