{"id":2548,"date":"2017-10-13T12:44:54","date_gmt":"2017-10-13T10:44:54","guid":{"rendered":"https:\/\/dw-tech.eu\/single-post-template\/"},"modified":"2025-03-22T13:03:48","modified_gmt":"2025-03-22T12:03:48","slug":"single-post-template","status":"publish","type":"page","link":"https:\/\/dw-tech.eu\/cs\/single-post-template\/","title":{"rendered":"Single Post Template"},"content":{"rendered":"<div class=\"wpb-content-wrapper\"><p>[vc_row top_margin=&#8220;page-margin-top-section&#8220; el_class=&#8220;padding-bottom-100&#8243;][vc_column width=&#8220;3\/4&#8243;]<div class=\"blog clearfix\"><div class=\"single post post-2548 page type-page status-publish hentry\"><h2><a href=\"https:\/\/dw-tech.eu\/cs\/single-post-template\/\" title=\"Single Post Template\">Single Post Template<\/a><\/h2><div class=\"post-content-details-container clearfix\"><ul class=\"post-content-details left\"><li>2017-10-13<\/li><li>in <\/li><li>by <a href=\"https:\/\/dw-tech.eu\/cs\/author\/dw-tech\/\" title=\"Denis Wocka\">Denis Wocka<\/a><\/li><\/ul><ul class=\"post-content-details right\"><li class=\"template-display\">149<\/li><li class=\"template-comment\"><a class=\"scroll-to-comments\" href=\"https:\/\/dw-tech.eu\/cs\/single-post-template\/#respond\" title=\"0 comments\">0<\/a><\/li><\/ul><\/div><div class=\"single-post-content\"><\/div><\/div><\/div><div class=\"comments-list-container clearfix page-margin-top\"><\/div>[\/vc_column][vc_column type=&#8220;cm-smart-column&#8220; width=&#8220;1\/4&#8243;][vc_wp_categories]<ul class=\"services-list clearfix services-icons gray page-margin-top\"><li class=\"vc_row wpb_row vc_row-fluid\"><ul><li><a href=\"https:\/\/dw-tech.eu\/cs\/kontakt\/\" title=\"KONTAKT S N\u00c1MI\"><span class=\"service-icon features-bubble\"><\/span><\/a><div class=\"service-content\"><h4><a href=\"https:\/\/dw-tech.eu\/cs\/kontakt\/\" title=\"KONTAKT S N\u00c1MI\">KONTAKT S N\u00c1MI<\/a><\/h4><p>V p\u0159\u00edpad\u011b jak\u00fdchkoliv dotaz\u016f nebo pot\u0159eby dal\u0161\u00edch informac\u00ed jsme v\u00e1m k dispozici.<\/p>\n<div class=\"align-center margin-top-42 padding-bottom-16\"><a class=\"more\" href=\"https:\/\/dw-tech.eu\/cs\/kontakt\/\" title=\"Zobrazit\">Zobrazit<\/a><\/div><\/div><\/li><\/ul><\/li><\/ul><h6 class=\"box-header page-margin-top\">NEJNOV\u011aJ\u0160\u00cd \u010cL\u00c1NKY<\/h6><div class=\"vc_row wpb_row vc_row-fluid\"><ul class=\"blog clearfix small margin-top-30\"><li class=\"small post post-2687 type-post status-publish format-standard has-post-thumbnail hentry category-aktualizace-produktu category-dily-voziku category-preprava-vysokych-rostlin category-produkty-cs category-zvedaci-police\"><a class=\"post-image\" href=\"https:\/\/dw-tech.eu\/cs\/novinky-v-oblasti-privesnych-voziku-pro-okrasne-skolky\/\" title=\"Novinky v oblasti p\u0159\u00edv\u011bsn\u00fdch voz\u00edk\u016f pro okrasn\u00e9 \u0161kolky\"><img loading=\"lazy\" decoding=\"async\" width=\"90\" height=\"90\" src=\"https:\/\/dw-tech.eu\/wp-content\/uploads\/2026\/01\/2D3A6561-kopia-90x90.jpg\" class=\"attachment-tiny-thumb size-tiny-thumb wp-post-image\" alt=\"Novinky v oblasti p\u0159\u00edv\u011bsn\u00fdch voz\u00edk\u016f pro okrasn\u00e9 \u0161kolky\" title=\"\" srcset=\"https:\/\/dw-tech.eu\/wp-content\/uploads\/2026\/01\/2D3A6561-kopia-90x90.jpg 90w, https:\/\/dw-tech.eu\/wp-content\/uploads\/2026\/01\/2D3A6561-kopia-480x480.jpg 480w, https:\/\/dw-tech.eu\/wp-content\/uploads\/2026\/01\/2D3A6561-kopia-260x260.jpg 260w\" sizes=\"auto, (max-width: 90px) 100vw, 90px\" \/><\/a><div class=\"post-content\"><a href=\"https:\/\/dw-tech.eu\/cs\/novinky-v-oblasti-privesnych-voziku-pro-okrasne-skolky\/\" title=\"Novinky v oblasti p\u0159\u00edv\u011bsn\u00fdch voz\u00edk\u016f pro okrasn\u00e9 \u0161kolky\">Novinky v oblasti p\u0159\u00edv\u011bsn\u00fdch voz\u00edk\u016f pro okrasn\u00e9 \u0161kolky<\/a><ul class=\"post-content-details left\"><li>2026-01-26<\/li><\/ul><\/div><\/li><li class=\"small post post-2599 type-post status-publish format-standard has-post-thumbnail hentry category-dily-voziku category-produkty-cs tag-cleaning-tips-cs tag-office-cs\"><a class=\"post-image\" href=\"https:\/\/dw-tech.eu\/cs\/z-ceho-se-skladaji-nase-privesne-voziky\/\" title=\"Z \u010deho se skl\u00e1daj\u00ed na\u0161e p\u0159\u00edv\u011bsn\u00e9 voz\u00edky?\"><img loading=\"lazy\" decoding=\"async\" width=\"90\" height=\"90\" src=\"https:\/\/dw-tech.eu\/wp-content\/uploads\/2024\/11\/20240827_103014_11zon-1-90x90.jpg\" class=\"attachment-tiny-thumb size-tiny-thumb wp-post-image\" alt=\"Z \u010deho se skl\u00e1daj\u00ed na\u0161e p\u0159\u00edv\u011bsn\u00e9 voz\u00edky?\" title=\"\" srcset=\"https:\/\/dw-tech.eu\/wp-content\/uploads\/2024\/11\/20240827_103014_11zon-1-90x90.jpg 90w, https:\/\/dw-tech.eu\/wp-content\/uploads\/2024\/11\/20240827_103014_11zon-1-150x150.jpg 150w, https:\/\/dw-tech.eu\/wp-content\/uploads\/2024\/11\/20240827_103014_11zon-1-480x480.jpg 480w, https:\/\/dw-tech.eu\/wp-content\/uploads\/2024\/11\/20240827_103014_11zon-1-260x260.jpg 260w\" sizes=\"auto, (max-width: 90px) 100vw, 90px\" \/><\/a><div class=\"post-content\"><a href=\"https:\/\/dw-tech.eu\/cs\/z-ceho-se-skladaji-nase-privesne-voziky\/\" title=\"Z \u010deho se skl\u00e1daj\u00ed na\u0161e p\u0159\u00edv\u011bsn\u00e9 voz\u00edky?\">Z \u010deho se skl\u00e1daj\u00ed na\u0161e p\u0159\u00edv\u011bsn\u00e9 voz\u00edky?<\/a><ul class=\"post-content-details left\"><li>2024-10-18<\/li><\/ul><\/div><\/li><li class=\"small post post-2591 type-post status-publish format-standard has-post-thumbnail hentry category-zahradni-veletrh tag-cleaning-cs tag-cleaning-tips-cs tag-hlavni-strana\"><a class=\"post-image\" href=\"https:\/\/dw-tech.eu\/cs\/zahradni-veletrh-warsaw-garden-expo-2024\/\" title=\"Zahradn\u00ed veletrh Warsaw Garden Expo 2024\"><img loading=\"lazy\" decoding=\"async\" width=\"90\" height=\"90\" src=\"https:\/\/dw-tech.eu\/wp-content\/uploads\/2017\/10\/Warsaw-Garden-Expo-3-1030x641-1-90x90.jpg\" class=\"attachment-tiny-thumb size-tiny-thumb wp-post-image\" alt=\"Zahradn\u00ed veletrh Warsaw Garden Expo 2024\" title=\"\" srcset=\"https:\/\/dw-tech.eu\/wp-content\/uploads\/2017\/10\/Warsaw-Garden-Expo-3-1030x641-1-90x90.jpg 90w, https:\/\/dw-tech.eu\/wp-content\/uploads\/2017\/10\/Warsaw-Garden-Expo-3-1030x641-1-480x480.jpg 480w, https:\/\/dw-tech.eu\/wp-content\/uploads\/2017\/10\/Warsaw-Garden-Expo-3-1030x641-1-260x260.jpg 260w\" sizes=\"auto, (max-width: 90px) 100vw, 90px\" \/><\/a><div class=\"post-content\"><a href=\"https:\/\/dw-tech.eu\/cs\/zahradni-veletrh-warsaw-garden-expo-2024\/\" title=\"Zahradn\u00ed veletrh Warsaw Garden Expo 2024\">Zahradn\u00ed veletrh Warsaw Garden Expo 2024<\/a><ul class=\"post-content-details left\"><li>2024-02-19<\/li><\/ul><\/div><\/li><\/ul><\/div><h6 class=\"box-header page-margin-top\">ZJIST\u011aTE O N\u00c1S V\u00cdCE<\/h6>[vc_wp_text el_class=&#8220;margin-top-10&#8243;]Sd\u00edl\u00edme novinky z na\u0161\u00ed \u010dinnosti a informace o <a href=\"https:\/\/dw-tech.eu\/cs\/produkty\/\">produktech DW-Tech<\/a>. Bu\u010fte v obraze s nejnov\u011bj\u0161\u00edmi \u0159e\u0161en\u00edmi, kter\u00e1 vytv\u00e1\u0159\u00edme, a sledujte n\u00e1s![\/vc_wp_text][vc_wp_archives title=&#8220;ARCHIVY&#8220; options=&#8220;count&#8220; el_class=&#8220;full-width page-margin-top clearfix&#8220;][vc_wp_tagcloud title=&#8220;TAGY&#8220; taxonomy=&#8220;post_tag&#8220; el_class=&#8220;page-margin-top clearfix&#8220;][\/vc_column][\/vc_row]<\/p>\n<\/div>","protected":false},"excerpt":{"rendered":"<p>[vc_row top_margin=&#8220;page-margin-top-section&#8220; el_class=&#8220;padding-bottom-100&#8243;][vc_column width=&#8220;3\/4&#8243;][\/vc_column][vc_column type=&#8220;cm-smart-column&#8220; width=&#8220;1\/4&#8243;][vc_wp_categories][vc_wp_text el_class=&#8220;margin-top-10&#8243;]Sd\u00edl\u00edme novinky z na\u0161\u00ed \u010dinnosti a informace o produktech DW-Tech. Bu\u010fte v obraze s nejnov\u011bj\u0161\u00edmi \u0159e\u0161en\u00edmi, kter\u00e1 vytv\u00e1\u0159\u00edme, a sledujte n\u00e1s![\/vc_wp_text][vc_wp_archives title=&#8220;ARCHIVY&#8220; options=&#8220;count&#8220; el_class=&#8220;full-width page-margin-top clearfix&#8220;][vc_wp_tagcloud title=&#8220;TAGY&#8220; taxonomy=&#8220;post_tag&#8220; el_class=&#8220;page-margin-top clearfix&#8220;][\/vc_column][\/vc_row]<\/p>\n","protected":false},"author":2,"featured_media":0,"parent":0,"menu_order":0,"comment_status":"closed","ping_status":"closed","template":"single.php","meta":{"footnotes":""},"class_list":["post-2548","page","type-page","status-publish","hentry"],"yoast_head":"<!-- This site is optimized with the Yoast SEO plugin v27.0 - https:\/\/yoast.com\/product\/yoast-seo-wordpress\/ -->\n<title>Single Post Template - DW-Tech<\/title>\n<meta name=\"robots\" content=\"index, follow, max-snippet:-1, max-image-preview:large, max-video-preview:-1\" \/>\n<link rel=\"canonical\" href=\"https:\/\/dw-tech.eu\/cs\/single-post-template\/\" \/>\n<meta property=\"og:locale\" content=\"cs_CZ\" \/>\n<meta property=\"og:type\" content=\"article\" \/>\n<meta property=\"og:title\" content=\"Single Post Template - DW-Tech\" \/>\n<meta property=\"og:description\" content=\"[vc_row top_margin=&#8220;page-margin-top-section&#8220; el_class=&#8220;padding-bottom-100&#8243;][vc_column width=&#8220;3\/4&#8243;][\/vc_column][vc_column type=&#8220;cm-smart-column&#8220; width=&#8220;1\/4&#8243;][vc_wp_categories][vc_wp_text el_class=&#8220;margin-top-10&#8243;]Sd\u00edl\u00edme novinky z na\u0161\u00ed \u010dinnosti a informace o produktech DW-Tech. Bu\u010fte v obraze s nejnov\u011bj\u0161\u00edmi \u0159e\u0161en\u00edmi, kter\u00e1 vytv\u00e1\u0159\u00edme, a sledujte n\u00e1s![\/vc_wp_text][vc_wp_archives title=&#8220;ARCHIVY&#8220; options=&#8220;count&#8220; el_class=&#8220;full-width page-margin-top clearfix&#8220;][vc_wp_tagcloud title=&#8220;TAGY&#8220; taxonomy=&#8220;post_tag&#8220; el_class=&#8220;page-margin-top clearfix&#8220;][\/vc_column][\/vc_row]\" \/>\n<meta property=\"og:url\" content=\"https:\/\/dw-tech.eu\/cs\/single-post-template\/\" \/>\n<meta property=\"og:site_name\" content=\"DW-Tech\" \/>\n<meta property=\"article:publisher\" content=\"https:\/\/www.facebook.com\/dwtech.logistics.solutions\" \/>\n<meta property=\"article:modified_time\" content=\"2025-03-22T12:03:48+00:00\" \/>\n<meta name=\"twitter:card\" content=\"summary_large_image\" \/>\n<meta name=\"twitter:label1\" content=\"Odhadovan\u00e1 doba \u010dten\u00ed\" \/>\n\t<meta name=\"twitter:data1\" content=\"1 minuta\" \/>\n<script type=\"application\/ld+json\" class=\"yoast-schema-graph\">{\"@context\":\"https:\/\/schema.org\",\"@graph\":[{\"@type\":\"WebPage\",\"@id\":\"https:\/\/dw-tech.eu\/cs\/single-post-template\/\",\"url\":\"https:\/\/dw-tech.eu\/cs\/single-post-template\/\",\"name\":\"Single Post Template - DW-Tech\",\"isPartOf\":{\"@id\":\"https:\/\/dw-tech.eu\/cs\/#website\"},\"datePublished\":\"2017-10-13T10:44:54+00:00\",\"dateModified\":\"2025-03-22T12:03:48+00:00\",\"breadcrumb\":{\"@id\":\"https:\/\/dw-tech.eu\/cs\/single-post-template\/#breadcrumb\"},\"inLanguage\":\"cs\",\"potentialAction\":[{\"@type\":\"ReadAction\",\"target\":[\"https:\/\/dw-tech.eu\/cs\/single-post-template\/\"]}]},{\"@type\":\"BreadcrumbList\",\"@id\":\"https:\/\/dw-tech.eu\/cs\/single-post-template\/#breadcrumb\",\"itemListElement\":[{\"@type\":\"ListItem\",\"position\":1,\"name\":\"Strona g\u0142\u00f3wna\",\"item\":\"https:\/\/dw-tech.eu\/cs\/\"},{\"@type\":\"ListItem\",\"position\":2,\"name\":\"Single Post Template\"}]},{\"@type\":\"WebSite\",\"@id\":\"https:\/\/dw-tech.eu\/cs\/#website\",\"url\":\"https:\/\/dw-tech.eu\/cs\/\",\"name\":\"DW-Tech\",\"description\":\"V\u00fdrobce za\u0159\u00edzen\u00ed pro okrasn\u00e9 \u0161kolky\",\"publisher\":{\"@id\":\"https:\/\/dw-tech.eu\/cs\/#organization\"},\"potentialAction\":[{\"@type\":\"SearchAction\",\"target\":{\"@type\":\"EntryPoint\",\"urlTemplate\":\"https:\/\/dw-tech.eu\/cs\/?s={search_term_string}\"},\"query-input\":{\"@type\":\"PropertyValueSpecification\",\"valueRequired\":true,\"valueName\":\"search_term_string\"}}],\"inLanguage\":\"cs\"},{\"@type\":\"Organization\",\"@id\":\"https:\/\/dw-tech.eu\/cs\/#organization\",\"name\":\"DW-Tech\",\"url\":\"https:\/\/dw-tech.eu\/cs\/\",\"logo\":{\"@type\":\"ImageObject\",\"inLanguage\":\"cs\",\"@id\":\"https:\/\/dw-tech.eu\/cs\/#\/schema\/logo\/image\/\",\"url\":\"https:\/\/dw-tech.eu\/wp-content\/uploads\/2024\/11\/dw_tech_logo_512px.png\",\"contentUrl\":\"https:\/\/dw-tech.eu\/wp-content\/uploads\/2024\/11\/dw_tech_logo_512px.png\",\"width\":2134,\"height\":2134,\"caption\":\"DW-Tech\"},\"image\":{\"@id\":\"https:\/\/dw-tech.eu\/cs\/#\/schema\/logo\/image\/\"},\"sameAs\":[\"https:\/\/www.facebook.com\/dwtech.logistics.solutions\",\"https:\/\/www.linkedin.com\/company\/dw-tech-logistics-solutions\",\"https:\/\/www.instagram.com\/dwtech_logistics_solutions\"]}]}<\/script>\n<!-- \/ Yoast SEO plugin. -->","yoast_head_json":{"title":"Single Post Template - DW-Tech","robots":{"index":"index","follow":"follow","max-snippet":"max-snippet:-1","max-image-preview":"max-image-preview:large","max-video-preview":"max-video-preview:-1"},"canonical":"https:\/\/dw-tech.eu\/cs\/single-post-template\/","og_locale":"cs_CZ","og_type":"article","og_title":"Single Post Template - DW-Tech","og_description":"[vc_row top_margin=&#8220;page-margin-top-section&#8220; el_class=&#8220;padding-bottom-100&#8243;][vc_column width=&#8220;3\/4&#8243;][\/vc_column][vc_column type=&#8220;cm-smart-column&#8220; width=&#8220;1\/4&#8243;][vc_wp_categories][vc_wp_text el_class=&#8220;margin-top-10&#8243;]Sd\u00edl\u00edme novinky z na\u0161\u00ed \u010dinnosti a informace o produktech DW-Tech. Bu\u010fte v obraze s nejnov\u011bj\u0161\u00edmi \u0159e\u0161en\u00edmi, kter\u00e1 vytv\u00e1\u0159\u00edme, a sledujte n\u00e1s![\/vc_wp_text][vc_wp_archives title=&#8220;ARCHIVY&#8220; options=&#8220;count&#8220; el_class=&#8220;full-width page-margin-top clearfix&#8220;][vc_wp_tagcloud title=&#8220;TAGY&#8220; taxonomy=&#8220;post_tag&#8220; el_class=&#8220;page-margin-top clearfix&#8220;][\/vc_column][\/vc_row]","og_url":"https:\/\/dw-tech.eu\/cs\/single-post-template\/","og_site_name":"DW-Tech","article_publisher":"https:\/\/www.facebook.com\/dwtech.logistics.solutions","article_modified_time":"2025-03-22T12:03:48+00:00","twitter_card":"summary_large_image","twitter_misc":{"Odhadovan\u00e1 doba \u010dten\u00ed":"1 minuta"},"schema":{"@context":"https:\/\/schema.org","@graph":[{"@type":"WebPage","@id":"https:\/\/dw-tech.eu\/cs\/single-post-template\/","url":"https:\/\/dw-tech.eu\/cs\/single-post-template\/","name":"Single Post Template - DW-Tech","isPartOf":{"@id":"https:\/\/dw-tech.eu\/cs\/#website"},"datePublished":"2017-10-13T10:44:54+00:00","dateModified":"2025-03-22T12:03:48+00:00","breadcrumb":{"@id":"https:\/\/dw-tech.eu\/cs\/single-post-template\/#breadcrumb"},"inLanguage":"cs","potentialAction":[{"@type":"ReadAction","target":["https:\/\/dw-tech.eu\/cs\/single-post-template\/"]}]},{"@type":"BreadcrumbList","@id":"https:\/\/dw-tech.eu\/cs\/single-post-template\/#breadcrumb","itemListElement":[{"@type":"ListItem","position":1,"name":"Strona g\u0142\u00f3wna","item":"https:\/\/dw-tech.eu\/cs\/"},{"@type":"ListItem","position":2,"name":"Single Post Template"}]},{"@type":"WebSite","@id":"https:\/\/dw-tech.eu\/cs\/#website","url":"https:\/\/dw-tech.eu\/cs\/","name":"DW-Tech","description":"V\u00fdrobce za\u0159\u00edzen\u00ed pro okrasn\u00e9 \u0161kolky","publisher":{"@id":"https:\/\/dw-tech.eu\/cs\/#organization"},"potentialAction":[{"@type":"SearchAction","target":{"@type":"EntryPoint","urlTemplate":"https:\/\/dw-tech.eu\/cs\/?s={search_term_string}"},"query-input":{"@type":"PropertyValueSpecification","valueRequired":true,"valueName":"search_term_string"}}],"inLanguage":"cs"},{"@type":"Organization","@id":"https:\/\/dw-tech.eu\/cs\/#organization","name":"DW-Tech","url":"https:\/\/dw-tech.eu\/cs\/","logo":{"@type":"ImageObject","inLanguage":"cs","@id":"https:\/\/dw-tech.eu\/cs\/#\/schema\/logo\/image\/","url":"https:\/\/dw-tech.eu\/wp-content\/uploads\/2024\/11\/dw_tech_logo_512px.png","contentUrl":"https:\/\/dw-tech.eu\/wp-content\/uploads\/2024\/11\/dw_tech_logo_512px.png","width":2134,"height":2134,"caption":"DW-Tech"},"image":{"@id":"https:\/\/dw-tech.eu\/cs\/#\/schema\/logo\/image\/"},"sameAs":["https:\/\/www.facebook.com\/dwtech.logistics.solutions","https:\/\/www.linkedin.com\/company\/dw-tech-logistics-solutions","https:\/\/www.instagram.com\/dwtech_logistics_solutions"]}]}},"_links":{"self":[{"href":"https:\/\/dw-tech.eu\/cs\/wp-json\/wp\/v2\/pages\/2548","targetHints":{"allow":["GET"]}}],"collection":[{"href":"https:\/\/dw-tech.eu\/cs\/wp-json\/wp\/v2\/pages"}],"about":[{"href":"https:\/\/dw-tech.eu\/cs\/wp-json\/wp\/v2\/types\/page"}],"author":[{"embeddable":true,"href":"https:\/\/dw-tech.eu\/cs\/wp-json\/wp\/v2\/users\/2"}],"replies":[{"embeddable":true,"href":"https:\/\/dw-tech.eu\/cs\/wp-json\/wp\/v2\/comments?post=2548"}],"version-history":[{"count":6,"href":"https:\/\/dw-tech.eu\/cs\/wp-json\/wp\/v2\/pages\/2548\/revisions"}],"predecessor-version":[{"id":2598,"href":"https:\/\/dw-tech.eu\/cs\/wp-json\/wp\/v2\/pages\/2548\/revisions\/2598"}],"wp:attachment":[{"href":"https:\/\/dw-tech.eu\/cs\/wp-json\/wp\/v2\/media?parent=2548"}],"curies":[{"name":"wp","href":"https:\/\/api.w.org\/{rel}","templated":true}]}}