{"id":2407,"date":"2017-10-09T11:04:25","date_gmt":"2017-10-09T09:04:25","guid":{"rendered":"https:\/\/dw-tech.eu\/blog\/"},"modified":"2026-01-26T13:05:31","modified_gmt":"2026-01-26T12:05:31","slug":"blog","status":"publish","type":"page","link":"https:\/\/dw-tech.eu\/de\/blog\/","title":{"rendered":"Blog"},"content":{"rendered":"<div class=\"wpb-content-wrapper\"><p>[vc_row top_margin=&#8220;page-margin-top-section&#8220; el_class=&#8220;padding-bottom-100&#8243;][vc_column width=&#8220;3\/4&#8243;]<div class=\"vc_row wpb_row vc_row-fluid blog-row\"><ul class=\"blog clearfix\"><li class=\" post post-2695 type-post status-publish format-standard has-post-thumbnail hentry category-baumschulwagen-teile category-hubbare-ablage category-produktaktualisierung category-produkte category-transport-hoher-pflanzen\"><a class=\"post-image\" href=\"https:\/\/dw-tech.eu\/de\/neuigkeiten-bei-unseren-baumschulwagen\/\" title=\"Neuigkeiten bei unseren Baumschulwagen\"><div class=\"post-date\">\n\t\t\t\t\t<div class=\"month\">JAN.<\/div>\n\t\t\t\t\t<h4>26<\/h4>\n\t\t\t\t<\/div><img loading=\"lazy\" decoding=\"async\" width=\"870\" height=\"400\" src=\"https:\/\/dw-tech.eu\/wp-content\/uploads\/2026\/01\/2D3A6561-kopia-870x400.jpg\" class=\"attachment-blog-post-thumb size-blog-post-thumb wp-post-image\" alt=\"Neuigkeiten bei unseren Baumschulwagen\" title=\"\" srcset=\"https:\/\/dw-tech.eu\/wp-content\/uploads\/2026\/01\/2D3A6561-kopia-870x400.jpg 870w, https:\/\/dw-tech.eu\/wp-content\/uploads\/2026\/01\/2D3A6561-kopia-150x68.jpg 150w\" sizes=\"auto, (max-width: 870px) 100vw, 870px\" \/><\/a><h2><a href=\"https:\/\/dw-tech.eu\/de\/neuigkeiten-bei-unseren-baumschulwagen\/\" title=\"Neuigkeiten bei unseren Baumschulwagen\">Neuigkeiten bei unseren Baumschulwagen<\/a><\/h2><div class=\"post-content-details-container clearfix\"><ul class=\"post-content-details left\"><li>2026-01-26<\/li><li>in <a class=\"category-89\" href=\"https:\/\/dw-tech.eu\/de\/category\/baumschulwagen-teile\/\" title=\"View all posts filed under Baumschulwagen-Teile\">Baumschulwagen-Teile<\/a>, <a class=\"category-90\" href=\"https:\/\/dw-tech.eu\/de\/category\/hubbare-ablage\/\" title=\"View all posts filed under Hubbare Ablage\">Hubbare Ablage<\/a>, <a class=\"category-88\" href=\"https:\/\/dw-tech.eu\/de\/category\/produktaktualisierung\/\" title=\"View all posts filed under Produktaktualisierung\">Produktaktualisierung<\/a>, <a class=\"category-62\" href=\"https:\/\/dw-tech.eu\/de\/category\/produkte\/\" title=\"View all posts filed under Produkte\">Produkte<\/a>, <a class=\"category-91\" href=\"https:\/\/dw-tech.eu\/de\/category\/transport-hoher-pflanzen\/\" title=\"View all posts filed under Transport Hoher Pflanzen\">Transport Hoher Pflanzen<\/a><\/li><li>by <a href=\"https:\/\/dw-tech.eu\/de\/author\/dw-tech\/\" title=\"Denis Wocka\">Denis Wocka<\/a><\/li><\/ul><ul class=\"post-content-details right\"><li class=\"template-display\">115<\/li><li class=\"template-comment\"><a href=\"https:\/\/dw-tech.eu\/de\/neuigkeiten-bei-unseren-baumschulwagen\/#respond\" title=\"0 comments\">0<\/a><\/li><\/ul><\/div><p>[vc_row el_class=&#8220;margin-top-10&#8243;][vc_column][vc_column_text css=&#8220;&#8220;]Als Hersteller von Baumschulwagen h\u00f6ren wir st\u00e4ndig auf die Bed\u00fcrfnisse und R\u00fcckmeldungen unserer Kunden. Die praktischen Erfahrungen der Anwender sind f\u00fcr uns die wertvollste Wissensquelle und der Ansto\u00df f\u00fcr die Umsetzung realer Verbesserungen. K\u00fcrzlich&#8230; <a title=\"Read more\" href=\"https:\/\/dw-tech.eu\/de\/neuigkeiten-bei-unseren-baumschulwagen\/\">Read more<\/a><\/p>\n<\/li><li class=\" post post-2471 type-post status-publish format-standard has-post-thumbnail hentry category-baumschulwagen-teile category-produkte tag-cleaning-tips-de tag-office-de\"><a class=\"post-image\" href=\"https:\/\/dw-tech.eu\/de\/woraus-bestehen-unsere-baumschulwagen\/\" title=\"Woraus bestehen unsere Baumschulwagen?\"><div class=\"post-date\">\n\t\t\t\t\t<div class=\"month\">OKT.<\/div>\n\t\t\t\t\t<h4>18<\/h4>\n\t\t\t\t<\/div><img loading=\"lazy\" decoding=\"async\" width=\"870\" height=\"400\" src=\"https:\/\/dw-tech.eu\/wp-content\/uploads\/2024\/11\/20240827_103014_11zon-1-870x400.jpg\" class=\"attachment-blog-post-thumb size-blog-post-thumb wp-post-image\" alt=\"Woraus bestehen unsere Baumschulwagen?\" title=\"\" \/><\/a><h2><a href=\"https:\/\/dw-tech.eu\/de\/woraus-bestehen-unsere-baumschulwagen\/\" title=\"Woraus bestehen unsere Baumschulwagen?\">Woraus bestehen unsere Baumschulwagen?<\/a><\/h2><div class=\"post-content-details-container clearfix\"><ul class=\"post-content-details left\"><li>2024-10-18<\/li><li>in <a class=\"category-89\" href=\"https:\/\/dw-tech.eu\/de\/category\/baumschulwagen-teile\/\" title=\"View all posts filed under Baumschulwagen-Teile\">Baumschulwagen-Teile<\/a>, <a class=\"category-62\" href=\"https:\/\/dw-tech.eu\/de\/category\/produkte\/\" title=\"View all posts filed under Produkte\">Produkte<\/a><\/li><li>by <a href=\"https:\/\/dw-tech.eu\/de\/author\/dw-tech\/\" title=\"Denis Wocka\">Denis Wocka<\/a><\/li><\/ul><ul class=\"post-content-details right\"><li class=\"template-display\">434<\/li><li class=\"template-comment\"><a href=\"https:\/\/dw-tech.eu\/de\/woraus-bestehen-unsere-baumschulwagen\/#respond\" title=\"0 comments\">0<\/a><\/li><\/ul><\/div><p>[vc_row el_class=&#8220;margin-top-10&#8243;][vc_column][vc_column_text css=&#8220;&#8220;]Wenn Sie den Kauf eines Baumschulwagens in Betracht ziehen, fragen Sie sich sicherlich: Welches Modell eignet sich ideal f\u00fcr meine Anforderungen? Jede Baumschule hat unterschiedliche Bed\u00fcrfnisse und Voraussetzungen, weshalb es keine universelle L\u00f6sung gibt&#8230;. <a title=\"Read more\" href=\"https:\/\/dw-tech.eu\/de\/woraus-bestehen-unsere-baumschulwagen\/\">Read more<\/a><\/p>\n<\/li><li class=\" post post-2467 type-post status-publish format-standard has-post-thumbnail hentry category-gartenbaumessen tag-cleaning-de tag-cleaning-tips-de tag-home-de\"><a class=\"post-image\" href=\"https:\/\/dw-tech.eu\/de\/messe-warsaw-garden-expo-2024\/\" title=\"Messe Warsaw Garden Expo 2024\"><div class=\"post-date\">\n\t\t\t\t\t<div class=\"month\">FEB.<\/div>\n\t\t\t\t\t<h4>19<\/h4>\n\t\t\t\t<\/div><img loading=\"lazy\" decoding=\"async\" width=\"870\" height=\"400\" src=\"https:\/\/dw-tech.eu\/wp-content\/uploads\/2017\/10\/Warsaw-Garden-Expo-3-1030x641-1-870x400.jpg\" class=\"attachment-blog-post-thumb size-blog-post-thumb wp-post-image\" alt=\"Messe Warsaw Garden Expo 2024\" title=\"\" \/><\/a><h2><a href=\"https:\/\/dw-tech.eu\/de\/messe-warsaw-garden-expo-2024\/\" title=\"Messe Warsaw Garden Expo 2024\">Messe Warsaw Garden Expo 2024<\/a><\/h2><div class=\"post-content-details-container clearfix\"><ul class=\"post-content-details left\"><li>2024-02-19<\/li><li>in <a class=\"category-58\" href=\"https:\/\/dw-tech.eu\/de\/category\/gartenbaumessen\/\" title=\"View all posts filed under Gartenbaumessen\">Gartenbaumessen<\/a><\/li><li>by <a href=\"https:\/\/dw-tech.eu\/de\/author\/dw-tech\/\" title=\"Denis Wocka\">Denis Wocka<\/a><\/li><\/ul><ul class=\"post-content-details right\"><li class=\"template-display\">400<\/li><li class=\"template-comment\"><a href=\"https:\/\/dw-tech.eu\/de\/messe-warsaw-garden-expo-2024\/#respond\" title=\"0 comments\">0<\/a><\/li><\/ul><\/div><p>[vc_row el_class=&#8220;margin-top-10&#8243;][vc_column][vc_column_text css=&#8220;&#8220;]Vom 14. bis 16. Februar 2024 hatten wir das Vergn\u00fcgen, an der Internationalen Gartenbaumesse Warsaw Garden Expo teilzunehmen, die im Messe- und Kongresszentrum Ptak Warsaw Expo stattfand. Diese Veranstaltung ist ein \u00e4u\u00dferst bedeutendes Ereignis f\u00fcr die Gartenbaubranche,&#8230; <a title=\"Read more\" href=\"https:\/\/dw-tech.eu\/de\/messe-warsaw-garden-expo-2024\/\">Read more<\/a><\/p>\n<\/li><li class=\" post post-2461 type-post status-publish format-standard has-post-thumbnail hentry category-gartenbaumessen tag-cleaning-de tag-cleaning-tips-de tag-home-de\"><a class=\"post-image\" href=\"https:\/\/dw-tech.eu\/de\/gruene-boerse-in-tschechien\/\" title=\"Gr\u00fcne B\u00f6rse in Tschechien\"><div class=\"post-date\">\n\t\t\t\t\t<div class=\"month\">JAN.<\/div>\n\t\t\t\t\t<h4>11<\/h4>\n\t\t\t\t<\/div><img loading=\"lazy\" decoding=\"async\" width=\"870\" height=\"400\" src=\"https:\/\/dw-tech.eu\/wp-content\/uploads\/2024\/12\/IMG_2252-870x400.jpg\" class=\"attachment-blog-post-thumb size-blog-post-thumb wp-post-image\" alt=\"Gr\u00fcne B\u00f6rse in Tschechien\" title=\"\" \/><\/a><h2><a href=\"https:\/\/dw-tech.eu\/de\/gruene-boerse-in-tschechien\/\" title=\"Gr\u00fcne B\u00f6rse in Tschechien\">Gr\u00fcne B\u00f6rse in Tschechien<\/a><\/h2><div class=\"post-content-details-container clearfix\"><ul class=\"post-content-details left\"><li>2024-01-11<\/li><li>in <a class=\"category-58\" href=\"https:\/\/dw-tech.eu\/de\/category\/gartenbaumessen\/\" title=\"View all posts filed under Gartenbaumessen\">Gartenbaumessen<\/a><\/li><li>by <a href=\"https:\/\/dw-tech.eu\/de\/author\/dw-tech\/\" title=\"Denis Wocka\">Denis Wocka<\/a><\/li><\/ul><ul class=\"post-content-details right\"><li class=\"template-display\">473<\/li><li class=\"template-comment\"><a href=\"https:\/\/dw-tech.eu\/de\/gruene-boerse-in-tschechien\/#respond\" title=\"0 comments\">0<\/a><\/li><\/ul><\/div><p>[vc_row el_class=&#8220;margin-top-10&#8243;][vc_column][vc_column_text css=&#8220;&#8220;]Am 9. und 10. Januar 2024 hatten wir die Ehre, an der diesj\u00e4hrigen Ausgabe der Gr\u00fcnen B\u00f6rse teilzunehmen \u2013 einer renommierten Gartenbaumesse, die auf dem Gel\u00e4nde der Baumschule Montano in P\u0159erov nad Labem in der Tschechischen Republik stattfand. Es war&#8230; <a title=\"Read more\" href=\"https:\/\/dw-tech.eu\/de\/gruene-boerse-in-tschechien\/\">Read more<\/a><\/p>\n<\/li><\/ul><\/div>[\/vc_column][vc_column type=&#8220;cm-smart-column&#8220; width=&#8220;1\/4&#8243;][vc_wp_categories title=&#8220;&#8220; options=&#8220;count&#8220; el_class=&#8220;clearfix&#8220;]<ul class=\"services-list clearfix services-icons gray page-margin-top\"><li class=\"vc_row wpb_row vc_row-fluid\"><ul><li><a href=\"https:\/\/dw-tech.eu\/de\/angebot\/\" title=\"KOSTENLOSES ANGEBOT\"><span class=\"service-icon features-calculator\"><\/span><\/a><div class=\"service-content\"><h4><a href=\"https:\/\/dw-tech.eu\/de\/angebot\/\" title=\"KOSTENLOSES ANGEBOT\">KOSTENLOSES ANGEBOT<\/a><\/h4><p>Fordern Sie \u00fcber unser einfaches Online-Formular auf unserer Website ein kostenloses Angebot an.<\/p>\n<div class=\"align-center margin-top-42 padding-bottom-16\"><a class=\"more\" href=\"https:\/\/dw-tech.eu\/de\/angebot\/\" title=\"Fordern Sie ein Angebot an\">Fordern Sie ein Angebot an<\/a><\/div><\/div><\/li><\/ul><\/li><\/ul><h6 class=\"box-header page-margin-top\">AM BELIEBTESTEN<\/h6><div class=\"vc_row wpb_row vc_row-fluid\"><ul class=\"blog clearfix small margin-top-30\"><li class=\"small post post-2461 type-post status-publish format-standard has-post-thumbnail hentry category-gartenbaumessen tag-cleaning-de tag-cleaning-tips-de tag-home-de\"><a class=\"post-image\" href=\"https:\/\/dw-tech.eu\/de\/gruene-boerse-in-tschechien\/\" title=\"Gr\u00fcne B\u00f6rse in Tschechien\"><img loading=\"lazy\" decoding=\"async\" width=\"90\" height=\"90\" src=\"https:\/\/dw-tech.eu\/wp-content\/uploads\/2024\/12\/IMG_2252-90x90.jpg\" class=\"attachment-tiny-thumb size-tiny-thumb wp-post-image\" alt=\"Gr\u00fcne B\u00f6rse in Tschechien\" title=\"\" srcset=\"https:\/\/dw-tech.eu\/wp-content\/uploads\/2024\/12\/IMG_2252-90x90.jpg 90w, https:\/\/dw-tech.eu\/wp-content\/uploads\/2024\/12\/IMG_2252-480x480.jpg 480w, https:\/\/dw-tech.eu\/wp-content\/uploads\/2024\/12\/IMG_2252-260x260.jpg 260w\" sizes=\"auto, (max-width: 90px) 100vw, 90px\" \/><\/a><div class=\"post-content\"><a href=\"https:\/\/dw-tech.eu\/de\/gruene-boerse-in-tschechien\/\" title=\"Gr\u00fcne B\u00f6rse in Tschechien\">Gr\u00fcne B\u00f6rse in Tschechien<\/a><ul class=\"post-content-details left\"><li>473 views<\/li><\/ul><\/div><\/li><li class=\"small post post-2471 type-post status-publish format-standard has-post-thumbnail hentry category-baumschulwagen-teile category-produkte tag-cleaning-tips-de tag-office-de\"><a class=\"post-image\" href=\"https:\/\/dw-tech.eu\/de\/woraus-bestehen-unsere-baumschulwagen\/\" title=\"Woraus bestehen unsere Baumschulwagen?\"><img loading=\"lazy\" decoding=\"async\" width=\"90\" height=\"90\" src=\"https:\/\/dw-tech.eu\/wp-content\/uploads\/2024\/11\/20240827_103014_11zon-1-90x90.jpg\" class=\"attachment-tiny-thumb size-tiny-thumb wp-post-image\" alt=\"Woraus bestehen unsere Baumschulwagen?\" title=\"\" srcset=\"https:\/\/dw-tech.eu\/wp-content\/uploads\/2024\/11\/20240827_103014_11zon-1-90x90.jpg 90w, https:\/\/dw-tech.eu\/wp-content\/uploads\/2024\/11\/20240827_103014_11zon-1-150x150.jpg 150w, https:\/\/dw-tech.eu\/wp-content\/uploads\/2024\/11\/20240827_103014_11zon-1-480x480.jpg 480w, https:\/\/dw-tech.eu\/wp-content\/uploads\/2024\/11\/20240827_103014_11zon-1-260x260.jpg 260w\" sizes=\"auto, (max-width: 90px) 100vw, 90px\" \/><\/a><div class=\"post-content\"><a href=\"https:\/\/dw-tech.eu\/de\/woraus-bestehen-unsere-baumschulwagen\/\" title=\"Woraus bestehen unsere Baumschulwagen?\">Woraus bestehen unsere Baumschulwagen?<\/a><ul class=\"post-content-details left\"><li>434 views<\/li><\/ul><\/div><\/li><li class=\"small post post-2467 type-post status-publish format-standard has-post-thumbnail hentry category-gartenbaumessen tag-cleaning-de tag-cleaning-tips-de tag-home-de\"><a class=\"post-image\" href=\"https:\/\/dw-tech.eu\/de\/messe-warsaw-garden-expo-2024\/\" title=\"Messe Warsaw Garden Expo 2024\"><img loading=\"lazy\" decoding=\"async\" width=\"90\" height=\"90\" src=\"https:\/\/dw-tech.eu\/wp-content\/uploads\/2017\/10\/Warsaw-Garden-Expo-3-1030x641-1-90x90.jpg\" class=\"attachment-tiny-thumb size-tiny-thumb wp-post-image\" alt=\"Messe Warsaw Garden Expo 2024\" title=\"\" srcset=\"https:\/\/dw-tech.eu\/wp-content\/uploads\/2017\/10\/Warsaw-Garden-Expo-3-1030x641-1-90x90.jpg 90w, https:\/\/dw-tech.eu\/wp-content\/uploads\/2017\/10\/Warsaw-Garden-Expo-3-1030x641-1-480x480.jpg 480w, https:\/\/dw-tech.eu\/wp-content\/uploads\/2017\/10\/Warsaw-Garden-Expo-3-1030x641-1-260x260.jpg 260w\" sizes=\"auto, (max-width: 90px) 100vw, 90px\" \/><\/a><div class=\"post-content\"><a href=\"https:\/\/dw-tech.eu\/de\/messe-warsaw-garden-expo-2024\/\" title=\"Messe Warsaw Garden Expo 2024\">Messe Warsaw Garden Expo 2024<\/a><ul class=\"post-content-details left\"><li>400 views<\/li><\/ul><\/div><\/li><\/ul><\/div><h6 class=\"box-header page-margin-top\">ERFAHREN SIE MEHR \u00dcBER UNS<\/h6>[vc_wp_text el_class=&#8220;margin-top-10&#8243;]Wir teilen Neuigkeiten \u00fcber unsere Aktivit\u00e4ten und Informationen zu <a href=\"https:\/\/dw-tech.eu\/de\/produkte\/\">DW-Tech-Produkten<\/a>. Bleiben Sie auf dem Laufenden mit den neuesten L\u00f6sungen, die wir entwickeln, und folgen Sie uns![\/vc_wp_text][vc_wp_archives title=&#8220;ARCHIVE&#8220; options=&#8220;count&#8220; el_class=&#8220;full-width page-margin-top clearfix&#8220;][vc_wp_tagcloud title=&#8220;TAGS&#8220; taxonomy=&#8220;post_tag&#8220; el_class=&#8220;page-margin-top clearfix&#8220;][\/vc_column][\/vc_row]<\/p>\n<\/div>","protected":false},"excerpt":{"rendered":"<p>[vc_row top_margin=&#8220;page-margin-top-section&#8220; el_class=&#8220;padding-bottom-100&#8243;][vc_column width=&#8220;3\/4&#8243;][\/vc_column][vc_column type=&#8220;cm-smart-column&#8220; width=&#8220;1\/4&#8243;][vc_wp_categories title=&#8220;&#8220; options=&#8220;count&#8220; el_class=&#8220;clearfix&#8220;][vc_wp_text el_class=&#8220;margin-top-10&#8243;]Wir teilen Neuigkeiten \u00fcber unsere Aktivit\u00e4ten und Informationen zu DW-Tech-Produkten. Bleiben Sie auf dem Laufenden mit den neuesten L\u00f6sungen, die wir entwickeln, und folgen Sie uns![\/vc_wp_text][vc_wp_archives title=&#8220;ARCHIVE&#8220; options=&#8220;count&#8220; el_class=&#8220;full-width page-margin-top clearfix&#8220;][vc_wp_tagcloud title=&#8220;TAGS&#8220; taxonomy=&#8220;post_tag&#8220; el_class=&#8220;page-margin-top clearfix&#8220;][\/vc_column][\/vc_row]<\/p>\n","protected":false},"author":2,"featured_media":0,"parent":0,"menu_order":0,"comment_status":"closed","ping_status":"closed","template":"template-blog.php","meta":{"footnotes":""},"class_list":["post-2407","page","type-page","status-publish","hentry"],"yoast_head":"<!-- This site is optimized with the Yoast SEO plugin v27.0 - https:\/\/yoast.com\/product\/yoast-seo-wordpress\/ -->\n<title>Blog - DW-Tech<\/title>\n<meta name=\"robots\" content=\"index, follow, max-snippet:-1, max-image-preview:large, max-video-preview:-1\" \/>\n<link rel=\"canonical\" href=\"https:\/\/dw-tech.eu\/de\/blog\/\" \/>\n<meta property=\"og:locale\" content=\"de_DE\" \/>\n<meta property=\"og:type\" content=\"article\" \/>\n<meta property=\"og:title\" content=\"Blog - DW-Tech\" \/>\n<meta property=\"og:description\" content=\"[vc_row top_margin=&#8220;page-margin-top-section&#8220; el_class=&#8220;padding-bottom-100&#8243;][vc_column width=&#8220;3\/4&#8243;][\/vc_column][vc_column type=&#8220;cm-smart-column&#8220; width=&#8220;1\/4&#8243;][vc_wp_categories title=&#8220;&#8220; options=&#8220;count&#8220; el_class=&#8220;clearfix&#8220;][vc_wp_text el_class=&#8220;margin-top-10&#8243;]Wir teilen Neuigkeiten \u00fcber unsere Aktivit\u00e4ten und Informationen zu DW-Tech-Produkten. Bleiben Sie auf dem Laufenden mit den neuesten L\u00f6sungen, die wir entwickeln, und folgen Sie uns![\/vc_wp_text][vc_wp_archives title=&#8220;ARCHIVE&#8220; options=&#8220;count&#8220; el_class=&#8220;full-width page-margin-top clearfix&#8220;][vc_wp_tagcloud title=&#8220;TAGS&#8220; taxonomy=&#8220;post_tag&#8220; el_class=&#8220;page-margin-top clearfix&#8220;][\/vc_column][\/vc_row]\" \/>\n<meta property=\"og:url\" content=\"https:\/\/dw-tech.eu\/de\/blog\/\" \/>\n<meta property=\"og:site_name\" content=\"DW-Tech\" \/>\n<meta property=\"article:publisher\" content=\"https:\/\/www.facebook.com\/dwtech.logistics.solutions\" \/>\n<meta property=\"article:modified_time\" content=\"2026-01-26T12:05:31+00:00\" \/>\n<meta name=\"twitter:card\" content=\"summary_large_image\" \/>\n<meta name=\"twitter:label1\" content=\"Gesch\u00e4tzte Lesezeit\" \/>\n\t<meta name=\"twitter:data1\" content=\"1\u00a0Minute\" \/>\n<script type=\"application\/ld+json\" class=\"yoast-schema-graph\">{\"@context\":\"https:\/\/schema.org\",\"@graph\":[{\"@type\":\"WebPage\",\"@id\":\"https:\/\/dw-tech.eu\/de\/blog\/\",\"url\":\"https:\/\/dw-tech.eu\/de\/blog\/\",\"name\":\"Blog - DW-Tech\",\"isPartOf\":{\"@id\":\"https:\/\/dw-tech.eu\/de\/#website\"},\"datePublished\":\"2017-10-09T09:04:25+00:00\",\"dateModified\":\"2026-01-26T12:05:31+00:00\",\"breadcrumb\":{\"@id\":\"https:\/\/dw-tech.eu\/de\/blog\/#breadcrumb\"},\"inLanguage\":\"de\",\"potentialAction\":[{\"@type\":\"ReadAction\",\"target\":[\"https:\/\/dw-tech.eu\/de\/blog\/\"]}]},{\"@type\":\"BreadcrumbList\",\"@id\":\"https:\/\/dw-tech.eu\/de\/blog\/#breadcrumb\",\"itemListElement\":[{\"@type\":\"ListItem\",\"position\":1,\"name\":\"Strona g\u0142\u00f3wna\",\"item\":\"https:\/\/dw-tech.eu\/de\/\"},{\"@type\":\"ListItem\",\"position\":2,\"name\":\"Blog\"}]},{\"@type\":\"WebSite\",\"@id\":\"https:\/\/dw-tech.eu\/de\/#website\",\"url\":\"https:\/\/dw-tech.eu\/de\/\",\"name\":\"DW-Tech\",\"description\":\"Hersteller von Ausr\u00fcstung f\u00fcr die Zierpflanzen-Baumschule\",\"publisher\":{\"@id\":\"https:\/\/dw-tech.eu\/de\/#organization\"},\"potentialAction\":[{\"@type\":\"SearchAction\",\"target\":{\"@type\":\"EntryPoint\",\"urlTemplate\":\"https:\/\/dw-tech.eu\/de\/?s={search_term_string}\"},\"query-input\":{\"@type\":\"PropertyValueSpecification\",\"valueRequired\":true,\"valueName\":\"search_term_string\"}}],\"inLanguage\":\"de\"},{\"@type\":\"Organization\",\"@id\":\"https:\/\/dw-tech.eu\/de\/#organization\",\"name\":\"DW-Tech\",\"url\":\"https:\/\/dw-tech.eu\/de\/\",\"logo\":{\"@type\":\"ImageObject\",\"inLanguage\":\"de\",\"@id\":\"https:\/\/dw-tech.eu\/de\/#\/schema\/logo\/image\/\",\"url\":\"https:\/\/dw-tech.eu\/wp-content\/uploads\/2024\/11\/dw_tech_logo_512px.png\",\"contentUrl\":\"https:\/\/dw-tech.eu\/wp-content\/uploads\/2024\/11\/dw_tech_logo_512px.png\",\"width\":2134,\"height\":2134,\"caption\":\"DW-Tech\"},\"image\":{\"@id\":\"https:\/\/dw-tech.eu\/de\/#\/schema\/logo\/image\/\"},\"sameAs\":[\"https:\/\/www.facebook.com\/dwtech.logistics.solutions\",\"https:\/\/www.linkedin.com\/company\/dw-tech-logistics-solutions\",\"https:\/\/www.instagram.com\/dwtech_logistics_solutions\"]}]}<\/script>\n<!-- \/ Yoast SEO plugin. -->","yoast_head_json":{"title":"Blog - DW-Tech","robots":{"index":"index","follow":"follow","max-snippet":"max-snippet:-1","max-image-preview":"max-image-preview:large","max-video-preview":"max-video-preview:-1"},"canonical":"https:\/\/dw-tech.eu\/de\/blog\/","og_locale":"de_DE","og_type":"article","og_title":"Blog - DW-Tech","og_description":"[vc_row top_margin=&#8220;page-margin-top-section&#8220; el_class=&#8220;padding-bottom-100&#8243;][vc_column width=&#8220;3\/4&#8243;][\/vc_column][vc_column type=&#8220;cm-smart-column&#8220; width=&#8220;1\/4&#8243;][vc_wp_categories title=&#8220;&#8220; options=&#8220;count&#8220; el_class=&#8220;clearfix&#8220;][vc_wp_text el_class=&#8220;margin-top-10&#8243;]Wir teilen Neuigkeiten \u00fcber unsere Aktivit\u00e4ten und Informationen zu DW-Tech-Produkten. Bleiben Sie auf dem Laufenden mit den neuesten L\u00f6sungen, die wir entwickeln, und folgen Sie uns![\/vc_wp_text][vc_wp_archives title=&#8220;ARCHIVE&#8220; options=&#8220;count&#8220; el_class=&#8220;full-width page-margin-top clearfix&#8220;][vc_wp_tagcloud title=&#8220;TAGS&#8220; taxonomy=&#8220;post_tag&#8220; el_class=&#8220;page-margin-top clearfix&#8220;][\/vc_column][\/vc_row]","og_url":"https:\/\/dw-tech.eu\/de\/blog\/","og_site_name":"DW-Tech","article_publisher":"https:\/\/www.facebook.com\/dwtech.logistics.solutions","article_modified_time":"2026-01-26T12:05:31+00:00","twitter_card":"summary_large_image","twitter_misc":{"Gesch\u00e4tzte Lesezeit":"1\u00a0Minute"},"schema":{"@context":"https:\/\/schema.org","@graph":[{"@type":"WebPage","@id":"https:\/\/dw-tech.eu\/de\/blog\/","url":"https:\/\/dw-tech.eu\/de\/blog\/","name":"Blog - DW-Tech","isPartOf":{"@id":"https:\/\/dw-tech.eu\/de\/#website"},"datePublished":"2017-10-09T09:04:25+00:00","dateModified":"2026-01-26T12:05:31+00:00","breadcrumb":{"@id":"https:\/\/dw-tech.eu\/de\/blog\/#breadcrumb"},"inLanguage":"de","potentialAction":[{"@type":"ReadAction","target":["https:\/\/dw-tech.eu\/de\/blog\/"]}]},{"@type":"BreadcrumbList","@id":"https:\/\/dw-tech.eu\/de\/blog\/#breadcrumb","itemListElement":[{"@type":"ListItem","position":1,"name":"Strona g\u0142\u00f3wna","item":"https:\/\/dw-tech.eu\/de\/"},{"@type":"ListItem","position":2,"name":"Blog"}]},{"@type":"WebSite","@id":"https:\/\/dw-tech.eu\/de\/#website","url":"https:\/\/dw-tech.eu\/de\/","name":"DW-Tech","description":"Hersteller von Ausr\u00fcstung f\u00fcr die Zierpflanzen-Baumschule","publisher":{"@id":"https:\/\/dw-tech.eu\/de\/#organization"},"potentialAction":[{"@type":"SearchAction","target":{"@type":"EntryPoint","urlTemplate":"https:\/\/dw-tech.eu\/de\/?s={search_term_string}"},"query-input":{"@type":"PropertyValueSpecification","valueRequired":true,"valueName":"search_term_string"}}],"inLanguage":"de"},{"@type":"Organization","@id":"https:\/\/dw-tech.eu\/de\/#organization","name":"DW-Tech","url":"https:\/\/dw-tech.eu\/de\/","logo":{"@type":"ImageObject","inLanguage":"de","@id":"https:\/\/dw-tech.eu\/de\/#\/schema\/logo\/image\/","url":"https:\/\/dw-tech.eu\/wp-content\/uploads\/2024\/11\/dw_tech_logo_512px.png","contentUrl":"https:\/\/dw-tech.eu\/wp-content\/uploads\/2024\/11\/dw_tech_logo_512px.png","width":2134,"height":2134,"caption":"DW-Tech"},"image":{"@id":"https:\/\/dw-tech.eu\/de\/#\/schema\/logo\/image\/"},"sameAs":["https:\/\/www.facebook.com\/dwtech.logistics.solutions","https:\/\/www.linkedin.com\/company\/dw-tech-logistics-solutions","https:\/\/www.instagram.com\/dwtech_logistics_solutions"]}]}},"_links":{"self":[{"href":"https:\/\/dw-tech.eu\/de\/wp-json\/wp\/v2\/pages\/2407","targetHints":{"allow":["GET"]}}],"collection":[{"href":"https:\/\/dw-tech.eu\/de\/wp-json\/wp\/v2\/pages"}],"about":[{"href":"https:\/\/dw-tech.eu\/de\/wp-json\/wp\/v2\/types\/page"}],"author":[{"embeddable":true,"href":"https:\/\/dw-tech.eu\/de\/wp-json\/wp\/v2\/users\/2"}],"replies":[{"embeddable":true,"href":"https:\/\/dw-tech.eu\/de\/wp-json\/wp\/v2\/comments?post=2407"}],"version-history":[{"count":4,"href":"https:\/\/dw-tech.eu\/de\/wp-json\/wp\/v2\/pages\/2407\/revisions"}],"predecessor-version":[{"id":2701,"href":"https:\/\/dw-tech.eu\/de\/wp-json\/wp\/v2\/pages\/2407\/revisions\/2701"}],"wp:attachment":[{"href":"https:\/\/dw-tech.eu\/de\/wp-json\/wp\/v2\/media?parent=2407"}],"curies":[{"name":"wp","href":"https:\/\/api.w.org\/{rel}","templated":true}]}}