{"id":2458,"date":"2017-10-13T12:44:54","date_gmt":"2017-10-13T10:44:54","guid":{"rendered":"https:\/\/dw-tech.eu\/single-post-template\/"},"modified":"2025-03-09T19:42:46","modified_gmt":"2025-03-09T18:42:46","slug":"single-post-template","status":"publish","type":"page","link":"https:\/\/dw-tech.eu\/de\/single-post-template\/","title":{"rendered":"Single Post Template"},"content":{"rendered":"<div class=\"wpb-content-wrapper\"><p>[vc_row top_margin=&#8220;page-margin-top-section&#8220; el_class=&#8220;padding-bottom-100&#8243;][vc_column width=&#8220;3\/4&#8243;]<div class=\"blog clearfix\"><div class=\"single post post-2458 page type-page status-publish hentry\"><h2><a href=\"https:\/\/dw-tech.eu\/de\/single-post-template\/\" title=\"Single Post Template\">Single Post Template<\/a><\/h2><div class=\"post-content-details-container clearfix\"><ul class=\"post-content-details left\"><li>2017-10-13<\/li><li>in <\/li><li>by <a href=\"https:\/\/dw-tech.eu\/de\/author\/dw-tech\/\" title=\"Denis Wocka\">Denis Wocka<\/a><\/li><\/ul><ul class=\"post-content-details right\"><li class=\"template-display\">149<\/li><li class=\"template-comment\"><a class=\"scroll-to-comments\" href=\"https:\/\/dw-tech.eu\/de\/single-post-template\/#respond\" title=\"0 comments\">0<\/a><\/li><\/ul><\/div><div class=\"single-post-content\"><\/div><\/div><\/div><div class=\"comments-list-container clearfix page-margin-top\"><\/div>[\/vc_column][vc_column type=&#8220;cm-smart-column&#8220; width=&#8220;1\/4&#8243;][vc_wp_categories]<ul class=\"services-list clearfix services-icons gray page-margin-top\"><li class=\"vc_row wpb_row vc_row-fluid\"><ul><li><a href=\"https:\/\/dw-tech.eu\/de\/kontakt\/\" title=\"KONTAKT MIT UNS\"><span class=\"service-icon features-bubble\"><\/span><\/a><div class=\"service-content\"><h4><a href=\"https:\/\/dw-tech.eu\/de\/kontakt\/\" title=\"KONTAKT MIT UNS\">KONTAKT MIT UNS<\/a><\/h4><p>Wenn Sie Fragen haben oder zus\u00e4tzliche Informationen ben\u00f6tigen, stehen wir Ihnen gerne zur Verf\u00fcgung.<\/p>\n<div class=\"align-center margin-top-42 padding-bottom-16\"><a class=\"more\" href=\"https:\/\/dw-tech.eu\/de\/kontakt\/\" title=\"Mehr lesen\">Mehr lesen<\/a><\/div><\/div><\/li><\/ul><\/li><\/ul><h6 class=\"box-header page-margin-top\">NEUESTE BEITR\u00c4GE<\/h6><div class=\"vc_row wpb_row vc_row-fluid\"><ul class=\"blog clearfix small margin-top-30\"><li class=\"small post post-2695 type-post status-publish format-standard has-post-thumbnail hentry category-baumschulwagen-teile category-hubbare-ablage category-produktaktualisierung category-produkte category-transport-hoher-pflanzen\"><a class=\"post-image\" href=\"https:\/\/dw-tech.eu\/de\/neuigkeiten-bei-unseren-baumschulwagen\/\" title=\"Neuigkeiten bei unseren Baumschulwagen\"><img loading=\"lazy\" decoding=\"async\" width=\"90\" height=\"90\" src=\"https:\/\/dw-tech.eu\/wp-content\/uploads\/2026\/01\/2D3A6561-kopia-90x90.jpg\" class=\"attachment-tiny-thumb size-tiny-thumb wp-post-image\" alt=\"Neuigkeiten bei unseren Baumschulwagen\" title=\"\" srcset=\"https:\/\/dw-tech.eu\/wp-content\/uploads\/2026\/01\/2D3A6561-kopia-90x90.jpg 90w, https:\/\/dw-tech.eu\/wp-content\/uploads\/2026\/01\/2D3A6561-kopia-480x480.jpg 480w, https:\/\/dw-tech.eu\/wp-content\/uploads\/2026\/01\/2D3A6561-kopia-260x260.jpg 260w\" sizes=\"auto, (max-width: 90px) 100vw, 90px\" \/><\/a><div class=\"post-content\"><a href=\"https:\/\/dw-tech.eu\/de\/neuigkeiten-bei-unseren-baumschulwagen\/\" title=\"Neuigkeiten bei unseren Baumschulwagen\">Neuigkeiten bei unseren Baumschulwagen<\/a><ul class=\"post-content-details left\"><li>2026-01-26<\/li><\/ul><\/div><\/li><li class=\"small post post-2471 type-post status-publish format-standard has-post-thumbnail hentry category-baumschulwagen-teile category-produkte tag-cleaning-tips-de tag-office-de\"><a class=\"post-image\" href=\"https:\/\/dw-tech.eu\/de\/woraus-bestehen-unsere-baumschulwagen\/\" title=\"Woraus bestehen unsere Baumschulwagen?\"><img loading=\"lazy\" decoding=\"async\" width=\"90\" height=\"90\" src=\"https:\/\/dw-tech.eu\/wp-content\/uploads\/2024\/11\/20240827_103014_11zon-1-90x90.jpg\" class=\"attachment-tiny-thumb size-tiny-thumb wp-post-image\" alt=\"Woraus bestehen unsere Baumschulwagen?\" title=\"\" srcset=\"https:\/\/dw-tech.eu\/wp-content\/uploads\/2024\/11\/20240827_103014_11zon-1-90x90.jpg 90w, https:\/\/dw-tech.eu\/wp-content\/uploads\/2024\/11\/20240827_103014_11zon-1-150x150.jpg 150w, https:\/\/dw-tech.eu\/wp-content\/uploads\/2024\/11\/20240827_103014_11zon-1-480x480.jpg 480w, https:\/\/dw-tech.eu\/wp-content\/uploads\/2024\/11\/20240827_103014_11zon-1-260x260.jpg 260w\" sizes=\"auto, (max-width: 90px) 100vw, 90px\" \/><\/a><div class=\"post-content\"><a href=\"https:\/\/dw-tech.eu\/de\/woraus-bestehen-unsere-baumschulwagen\/\" title=\"Woraus bestehen unsere Baumschulwagen?\">Woraus bestehen unsere Baumschulwagen?<\/a><ul class=\"post-content-details left\"><li>2024-10-18<\/li><\/ul><\/div><\/li><li class=\"small post post-2467 type-post status-publish format-standard has-post-thumbnail hentry category-gartenbaumessen tag-cleaning-de tag-cleaning-tips-de tag-home-de\"><a class=\"post-image\" href=\"https:\/\/dw-tech.eu\/de\/messe-warsaw-garden-expo-2024\/\" title=\"Messe Warsaw Garden Expo 2024\"><img loading=\"lazy\" decoding=\"async\" width=\"90\" height=\"90\" src=\"https:\/\/dw-tech.eu\/wp-content\/uploads\/2017\/10\/Warsaw-Garden-Expo-3-1030x641-1-90x90.jpg\" class=\"attachment-tiny-thumb size-tiny-thumb wp-post-image\" alt=\"Messe Warsaw Garden Expo 2024\" title=\"\" srcset=\"https:\/\/dw-tech.eu\/wp-content\/uploads\/2017\/10\/Warsaw-Garden-Expo-3-1030x641-1-90x90.jpg 90w, https:\/\/dw-tech.eu\/wp-content\/uploads\/2017\/10\/Warsaw-Garden-Expo-3-1030x641-1-480x480.jpg 480w, https:\/\/dw-tech.eu\/wp-content\/uploads\/2017\/10\/Warsaw-Garden-Expo-3-1030x641-1-260x260.jpg 260w\" sizes=\"auto, (max-width: 90px) 100vw, 90px\" \/><\/a><div class=\"post-content\"><a href=\"https:\/\/dw-tech.eu\/de\/messe-warsaw-garden-expo-2024\/\" title=\"Messe Warsaw Garden Expo 2024\">Messe Warsaw Garden Expo 2024<\/a><ul class=\"post-content-details left\"><li>2024-02-19<\/li><\/ul><\/div><\/li><\/ul><\/div><h6 class=\"box-header page-margin-top\">ERFAHREN SIE MEHR \u00dcBER UNS<\/h6>[vc_wp_text el_class=&#8220;margin-top-10&#8243;]Wir teilen Neuigkeiten aus unserem Unternehmen sowie Informationen \u00fcber die <a href=\"https:\/\/dw-tech.eu\/de\/produkte\/\">Produkte von DW-Tech<\/a>. Bleiben Sie auf dem Laufenden mit den neuesten L\u00f6sungen, die wir entwickeln, und folgen Sie uns![\/vc_wp_text][vc_wp_archives title=&#8220;ARCHIVE&#8220; options=&#8220;count&#8220; el_class=&#8220;full-width page-margin-top clearfix&#8220;][vc_wp_tagcloud title=&#8220;TAGS&#8220; taxonomy=&#8220;post_tag&#8220; el_class=&#8220;page-margin-top clearfix&#8220;][\/vc_column][\/vc_row]<\/p>\n<\/div>","protected":false},"excerpt":{"rendered":"<p>[vc_row top_margin=&#8220;page-margin-top-section&#8220; el_class=&#8220;padding-bottom-100&#8243;][vc_column width=&#8220;3\/4&#8243;][\/vc_column][vc_column type=&#8220;cm-smart-column&#8220; width=&#8220;1\/4&#8243;][vc_wp_categories][vc_wp_text el_class=&#8220;margin-top-10&#8243;]Wir teilen Neuigkeiten aus unserem Unternehmen sowie Informationen \u00fcber die Produkte von DW-Tech. Bleiben Sie auf dem Laufenden mit den neuesten L\u00f6sungen, die wir entwickeln, und folgen Sie uns![\/vc_wp_text][vc_wp_archives title=&#8220;ARCHIVE&#8220; options=&#8220;count&#8220; el_class=&#8220;full-width page-margin-top clearfix&#8220;][vc_wp_tagcloud title=&#8220;TAGS&#8220; taxonomy=&#8220;post_tag&#8220; el_class=&#8220;page-margin-top clearfix&#8220;][\/vc_column][\/vc_row]<\/p>\n","protected":false},"author":2,"featured_media":0,"parent":0,"menu_order":0,"comment_status":"closed","ping_status":"closed","template":"single.php","meta":{"footnotes":""},"class_list":["post-2458","page","type-page","status-publish","hentry"],"yoast_head":"<!-- This site is optimized with the Yoast SEO plugin v27.0 - https:\/\/yoast.com\/product\/yoast-seo-wordpress\/ -->\n<title>Single Post Template - DW-Tech<\/title>\n<meta name=\"robots\" content=\"index, follow, max-snippet:-1, max-image-preview:large, max-video-preview:-1\" \/>\n<link rel=\"canonical\" href=\"https:\/\/dw-tech.eu\/de\/single-post-template\/\" \/>\n<meta property=\"og:locale\" content=\"de_DE\" \/>\n<meta property=\"og:type\" content=\"article\" \/>\n<meta property=\"og:title\" content=\"Single Post Template - DW-Tech\" \/>\n<meta property=\"og:description\" content=\"[vc_row top_margin=&#8220;page-margin-top-section&#8220; el_class=&#8220;padding-bottom-100&#8243;][vc_column width=&#8220;3\/4&#8243;][\/vc_column][vc_column type=&#8220;cm-smart-column&#8220; width=&#8220;1\/4&#8243;][vc_wp_categories][vc_wp_text el_class=&#8220;margin-top-10&#8243;]Wir teilen Neuigkeiten aus unserem Unternehmen sowie Informationen \u00fcber die Produkte von DW-Tech. Bleiben Sie auf dem Laufenden mit den neuesten L\u00f6sungen, die wir entwickeln, und folgen Sie uns![\/vc_wp_text][vc_wp_archives title=&#8220;ARCHIVE&#8220; options=&#8220;count&#8220; el_class=&#8220;full-width page-margin-top clearfix&#8220;][vc_wp_tagcloud title=&#8220;TAGS&#8220; taxonomy=&#8220;post_tag&#8220; el_class=&#8220;page-margin-top clearfix&#8220;][\/vc_column][\/vc_row]\" \/>\n<meta property=\"og:url\" content=\"https:\/\/dw-tech.eu\/de\/single-post-template\/\" \/>\n<meta property=\"og:site_name\" content=\"DW-Tech\" \/>\n<meta property=\"article:publisher\" content=\"https:\/\/www.facebook.com\/dwtech.logistics.solutions\" \/>\n<meta property=\"article:modified_time\" content=\"2025-03-09T18:42:46+00:00\" \/>\n<meta name=\"twitter:card\" content=\"summary_large_image\" \/>\n<meta name=\"twitter:label1\" content=\"Gesch\u00e4tzte Lesezeit\" \/>\n\t<meta name=\"twitter:data1\" content=\"1\u00a0Minute\" \/>\n<script type=\"application\/ld+json\" class=\"yoast-schema-graph\">{\"@context\":\"https:\/\/schema.org\",\"@graph\":[{\"@type\":\"WebPage\",\"@id\":\"https:\/\/dw-tech.eu\/de\/single-post-template\/\",\"url\":\"https:\/\/dw-tech.eu\/de\/single-post-template\/\",\"name\":\"Single Post Template - DW-Tech\",\"isPartOf\":{\"@id\":\"https:\/\/dw-tech.eu\/de\/#website\"},\"datePublished\":\"2017-10-13T10:44:54+00:00\",\"dateModified\":\"2025-03-09T18:42:46+00:00\",\"breadcrumb\":{\"@id\":\"https:\/\/dw-tech.eu\/de\/single-post-template\/#breadcrumb\"},\"inLanguage\":\"de\",\"potentialAction\":[{\"@type\":\"ReadAction\",\"target\":[\"https:\/\/dw-tech.eu\/de\/single-post-template\/\"]}]},{\"@type\":\"BreadcrumbList\",\"@id\":\"https:\/\/dw-tech.eu\/de\/single-post-template\/#breadcrumb\",\"itemListElement\":[{\"@type\":\"ListItem\",\"position\":1,\"name\":\"Strona g\u0142\u00f3wna\",\"item\":\"https:\/\/dw-tech.eu\/de\/\"},{\"@type\":\"ListItem\",\"position\":2,\"name\":\"Single Post Template\"}]},{\"@type\":\"WebSite\",\"@id\":\"https:\/\/dw-tech.eu\/de\/#website\",\"url\":\"https:\/\/dw-tech.eu\/de\/\",\"name\":\"DW-Tech\",\"description\":\"Hersteller von Ausr\u00fcstung f\u00fcr die Zierpflanzen-Baumschule\",\"publisher\":{\"@id\":\"https:\/\/dw-tech.eu\/de\/#organization\"},\"potentialAction\":[{\"@type\":\"SearchAction\",\"target\":{\"@type\":\"EntryPoint\",\"urlTemplate\":\"https:\/\/dw-tech.eu\/de\/?s={search_term_string}\"},\"query-input\":{\"@type\":\"PropertyValueSpecification\",\"valueRequired\":true,\"valueName\":\"search_term_string\"}}],\"inLanguage\":\"de\"},{\"@type\":\"Organization\",\"@id\":\"https:\/\/dw-tech.eu\/de\/#organization\",\"name\":\"DW-Tech\",\"url\":\"https:\/\/dw-tech.eu\/de\/\",\"logo\":{\"@type\":\"ImageObject\",\"inLanguage\":\"de\",\"@id\":\"https:\/\/dw-tech.eu\/de\/#\/schema\/logo\/image\/\",\"url\":\"https:\/\/dw-tech.eu\/wp-content\/uploads\/2024\/11\/dw_tech_logo_512px.png\",\"contentUrl\":\"https:\/\/dw-tech.eu\/wp-content\/uploads\/2024\/11\/dw_tech_logo_512px.png\",\"width\":2134,\"height\":2134,\"caption\":\"DW-Tech\"},\"image\":{\"@id\":\"https:\/\/dw-tech.eu\/de\/#\/schema\/logo\/image\/\"},\"sameAs\":[\"https:\/\/www.facebook.com\/dwtech.logistics.solutions\",\"https:\/\/www.linkedin.com\/company\/dw-tech-logistics-solutions\",\"https:\/\/www.instagram.com\/dwtech_logistics_solutions\"]}]}<\/script>\n<!-- \/ Yoast SEO plugin. -->","yoast_head_json":{"title":"Single Post Template - DW-Tech","robots":{"index":"index","follow":"follow","max-snippet":"max-snippet:-1","max-image-preview":"max-image-preview:large","max-video-preview":"max-video-preview:-1"},"canonical":"https:\/\/dw-tech.eu\/de\/single-post-template\/","og_locale":"de_DE","og_type":"article","og_title":"Single Post Template - DW-Tech","og_description":"[vc_row top_margin=&#8220;page-margin-top-section&#8220; el_class=&#8220;padding-bottom-100&#8243;][vc_column width=&#8220;3\/4&#8243;][\/vc_column][vc_column type=&#8220;cm-smart-column&#8220; width=&#8220;1\/4&#8243;][vc_wp_categories][vc_wp_text el_class=&#8220;margin-top-10&#8243;]Wir teilen Neuigkeiten aus unserem Unternehmen sowie Informationen \u00fcber die Produkte von DW-Tech. Bleiben Sie auf dem Laufenden mit den neuesten L\u00f6sungen, die wir entwickeln, und folgen Sie uns![\/vc_wp_text][vc_wp_archives title=&#8220;ARCHIVE&#8220; options=&#8220;count&#8220; el_class=&#8220;full-width page-margin-top clearfix&#8220;][vc_wp_tagcloud title=&#8220;TAGS&#8220; taxonomy=&#8220;post_tag&#8220; el_class=&#8220;page-margin-top clearfix&#8220;][\/vc_column][\/vc_row]","og_url":"https:\/\/dw-tech.eu\/de\/single-post-template\/","og_site_name":"DW-Tech","article_publisher":"https:\/\/www.facebook.com\/dwtech.logistics.solutions","article_modified_time":"2025-03-09T18:42:46+00:00","twitter_card":"summary_large_image","twitter_misc":{"Gesch\u00e4tzte Lesezeit":"1\u00a0Minute"},"schema":{"@context":"https:\/\/schema.org","@graph":[{"@type":"WebPage","@id":"https:\/\/dw-tech.eu\/de\/single-post-template\/","url":"https:\/\/dw-tech.eu\/de\/single-post-template\/","name":"Single Post Template - DW-Tech","isPartOf":{"@id":"https:\/\/dw-tech.eu\/de\/#website"},"datePublished":"2017-10-13T10:44:54+00:00","dateModified":"2025-03-09T18:42:46+00:00","breadcrumb":{"@id":"https:\/\/dw-tech.eu\/de\/single-post-template\/#breadcrumb"},"inLanguage":"de","potentialAction":[{"@type":"ReadAction","target":["https:\/\/dw-tech.eu\/de\/single-post-template\/"]}]},{"@type":"BreadcrumbList","@id":"https:\/\/dw-tech.eu\/de\/single-post-template\/#breadcrumb","itemListElement":[{"@type":"ListItem","position":1,"name":"Strona g\u0142\u00f3wna","item":"https:\/\/dw-tech.eu\/de\/"},{"@type":"ListItem","position":2,"name":"Single Post Template"}]},{"@type":"WebSite","@id":"https:\/\/dw-tech.eu\/de\/#website","url":"https:\/\/dw-tech.eu\/de\/","name":"DW-Tech","description":"Hersteller von Ausr\u00fcstung f\u00fcr die Zierpflanzen-Baumschule","publisher":{"@id":"https:\/\/dw-tech.eu\/de\/#organization"},"potentialAction":[{"@type":"SearchAction","target":{"@type":"EntryPoint","urlTemplate":"https:\/\/dw-tech.eu\/de\/?s={search_term_string}"},"query-input":{"@type":"PropertyValueSpecification","valueRequired":true,"valueName":"search_term_string"}}],"inLanguage":"de"},{"@type":"Organization","@id":"https:\/\/dw-tech.eu\/de\/#organization","name":"DW-Tech","url":"https:\/\/dw-tech.eu\/de\/","logo":{"@type":"ImageObject","inLanguage":"de","@id":"https:\/\/dw-tech.eu\/de\/#\/schema\/logo\/image\/","url":"https:\/\/dw-tech.eu\/wp-content\/uploads\/2024\/11\/dw_tech_logo_512px.png","contentUrl":"https:\/\/dw-tech.eu\/wp-content\/uploads\/2024\/11\/dw_tech_logo_512px.png","width":2134,"height":2134,"caption":"DW-Tech"},"image":{"@id":"https:\/\/dw-tech.eu\/de\/#\/schema\/logo\/image\/"},"sameAs":["https:\/\/www.facebook.com\/dwtech.logistics.solutions","https:\/\/www.linkedin.com\/company\/dw-tech-logistics-solutions","https:\/\/www.instagram.com\/dwtech_logistics_solutions"]}]}},"_links":{"self":[{"href":"https:\/\/dw-tech.eu\/de\/wp-json\/wp\/v2\/pages\/2458","targetHints":{"allow":["GET"]}}],"collection":[{"href":"https:\/\/dw-tech.eu\/de\/wp-json\/wp\/v2\/pages"}],"about":[{"href":"https:\/\/dw-tech.eu\/de\/wp-json\/wp\/v2\/types\/page"}],"author":[{"embeddable":true,"href":"https:\/\/dw-tech.eu\/de\/wp-json\/wp\/v2\/users\/2"}],"replies":[{"embeddable":true,"href":"https:\/\/dw-tech.eu\/de\/wp-json\/wp\/v2\/comments?post=2458"}],"version-history":[{"count":3,"href":"https:\/\/dw-tech.eu\/de\/wp-json\/wp\/v2\/pages\/2458\/revisions"}],"predecessor-version":[{"id":2466,"href":"https:\/\/dw-tech.eu\/de\/wp-json\/wp\/v2\/pages\/2458\/revisions\/2466"}],"wp:attachment":[{"href":"https:\/\/dw-tech.eu\/de\/wp-json\/wp\/v2\/media?parent=2458"}],"curies":[{"name":"wp","href":"https:\/\/api.w.org\/{rel}","templated":true}]}}